{"id":1466,"date":"2023-07-07T09:54:55","date_gmt":"2023-07-07T08:54:55","guid":{"rendered":"https:\/\/utodas.nl\/home\/"},"modified":"2025-01-22T16:20:46","modified_gmt":"2025-01-22T15:20:46","slug":"home","status":"publish","type":"page","link":"https:\/\/utodas.nl\/de\/","title":{"rendered":"Home"},"content":{"rendered":"<p><div class=\"fusion-fullwidth fullwidth-box fusion-builder-row-1 fusion-flex-container has-pattern-background has-mask-background hundred-percent-fullwidth non-hundred-percent-height-scrolling\" style=\"--awb-border-radius-top-left:0px;--awb-border-radius-top-right:0px;--awb-border-radius-bottom-right:0px;--awb-border-radius-bottom-left:0px;--awb-padding-top:0px;--awb-padding-right:0px;--awb-padding-bottom:0px;--awb-padding-left:0px;--awb-flex-wrap:wrap;\" ><div class=\"fusion-builder-row fusion-row fusion-flex-align-items-flex-start fusion-flex-content-wrap\" style=\"width:104% !important;max-width:104% !important;margin-left: calc(-4% \/ 2 );margin-right: calc(-4% \/ 2 );\"><div class=\"fusion-layout-column fusion_builder_column fusion-builder-column-0 fusion_builder_column_1_1 1_1 fusion-flex-column\" style=\"--awb-bg-size:cover;--awb-width-large:100%;--awb-margin-top-large:0px;--awb-spacing-right-large:1.92%;--awb-margin-bottom-large:0px;--awb-spacing-left-large:1.92%;--awb-width-medium:100%;--awb-order-medium:0;--awb-spacing-right-medium:1.92%;--awb-spacing-left-medium:1.92%;--awb-width-small:100%;--awb-order-small:0;--awb-spacing-right-small:1.92%;--awb-spacing-left-small:1.92%;\"><div class=\"fusion-column-wrapper fusion-column-has-shadow fusion-flex-justify-content-flex-start fusion-content-layout-column\"><div class=\"fusion-image-element \" style=\"--awb-caption-title-font-family:var(--h2_typography-font-family);--awb-caption-title-font-weight:var(--h2_typography-font-weight);--awb-caption-title-font-style:var(--h2_typography-font-style);--awb-caption-title-size:var(--h2_typography-font-size);--awb-caption-title-transform:var(--h2_typography-text-transform);--awb-caption-title-line-height:var(--h2_typography-line-height);--awb-caption-title-letter-spacing:var(--h2_typography-letter-spacing);\"><span class=\" fusion-imageframe imageframe-none imageframe-1 hover-type-none\"><img decoding=\"async\" width=\"2400\" height=\"913\" title=\"Illustratie-Utodas-Homepage-2024-DE\" src=\"https:\/\/utodas.nl\/wp-content\/uploads\/Illustratie-Utodas-Homepage-2024-DE.webp\" alt class=\"img-responsive wp-image-2238\" srcset=\"https:\/\/utodas.nl\/wp-content\/uploads\/Illustratie-Utodas-Homepage-2024-DE-200x76.webp 200w, https:\/\/utodas.nl\/wp-content\/uploads\/Illustratie-Utodas-Homepage-2024-DE-400x152.webp 400w, https:\/\/utodas.nl\/wp-content\/uploads\/Illustratie-Utodas-Homepage-2024-DE-600x228.webp 600w, https:\/\/utodas.nl\/wp-content\/uploads\/Illustratie-Utodas-Homepage-2024-DE-800x304.webp 800w, https:\/\/utodas.nl\/wp-content\/uploads\/Illustratie-Utodas-Homepage-2024-DE-1200x457.webp 1200w, https:\/\/utodas.nl\/wp-content\/uploads\/Illustratie-Utodas-Homepage-2024-DE.webp 2400w\" sizes=\"(max-width: 640px) 100vw, 1200px\" \/><\/span><\/div><\/div><\/div><\/div><\/div><div class=\"fusion-fullwidth fullwidth-box fusion-builder-row-2 fusion-flex-container has-pattern-background has-mask-background hundred-percent-fullwidth non-hundred-percent-height-scrolling\" style=\"--link_color: var(--awb-color5);--awb-border-radius-top-left:0px;--awb-border-radius-top-right:0px;--awb-border-radius-bottom-right:0px;--awb-border-radius-bottom-left:0px;--awb-padding-top:0px;--awb-padding-right:0px;--awb-padding-bottom:0px;--awb-padding-left:0px;--awb-flex-wrap:wrap;\" ><div class=\"fusion-builder-row fusion-row fusion-flex-align-items-stretch fusion-flex-content-wrap\" style=\"width:calc( 100% + 0px ) !important;max-width:calc( 100% + 0px ) !important;margin-left: calc(-0px \/ 2 );margin-right: calc(-0px \/ 2 );\"><div class=\"fusion-layout-column fusion_builder_column fusion-builder-column-1 fusion_builder_column_1_2 1_2 fusion-flex-column\" style=\"--awb-padding-top:4%;--awb-padding-right:15%;--awb-padding-bottom:4%;--awb-padding-left:15%;--awb-bg-color:rgba(52,99,148,0);--awb-bg-color-hover:rgba(52,99,148,0);--awb-bg-size:cover;--awb-border-color:var(--awb-custom18);--awb-border-style:solid;--awb-width-large:50%;--awb-margin-top-large:20px;--awb-spacing-right-large:0px;--awb-margin-bottom-large:20px;--awb-spacing-left-large:0px;--awb-width-medium:50%;--awb-order-medium:0;--awb-spacing-right-medium:0px;--awb-spacing-left-medium:0px;--awb-width-small:100%;--awb-order-small:0;--awb-spacing-right-small:0px;--awb-spacing-left-small:0px;\" data-scroll-devices=\"small-visibility,medium-visibility,large-visibility\"><div class=\"fusion-column-wrapper fusion-column-has-shadow fusion-flex-justify-content-flex-start fusion-content-layout-column\"><div class=\"fusion-text fusion-text-1 fusion-text-no-margin\" style=\"--awb-font-size:15pt;--awb-line-height:27pt;--awb-text-color:#706c6a;--awb-margin-bottom:20px;\"><p style=\"text-align: right;\">Zuverl\u00e4ssige Telemetrie f\u00fcr trockene und fl\u00fcssige Sch\u00fcttg\u00fcter. Daf\u00fcr steht Utodas. Schon seit mehr als f\u00fcnfzehn Jahren. Mit unserer Online-F\u00fcllstandmessung haben Sie jederzeit Einblick in den aktuellen Vorrat in Tanks, Containern und Silos Ihrer Abnehmer. adurch k\u00f6nnen Sie immer rechtzeitig liefern und die Lager- und Transportkosten um bis zu 40 Prozent senken.<\/p>\n<p style=\"text-align: right;\">Messen hei\u00dft wissen. anz gleich, ob es sich um Kraftstoffe, Biomasse, Chemikalien oder Abf\u00e4lle handelt: Immer mehr Unternehmen erkennen den Wert der Telemetriel\u00f6sungen von Utodas. M\u00f6chten Sie mehr erfahren?<\/p>\n<\/div><div class=\"fusion-separator fusion-full-width-sep\" style=\"align-self: center;margin-left: auto;margin-right: auto;margin-top:60px;width:100%;\"><\/div><div style=\"text-align:right;\"><a class=\"fusion-button button-flat fusion-button-default-size button-custom fusion-button-default button-1 fusion-button-default-span fusion-button-default-type fusion-animated\" style=\"--button_accent_color:var(--awb-color1);--button_accent_hover_color:#3d3c3b;--button_border_hover_color:#ffffff;--button-border-radius-top-left:10px;--button-border-radius-top-right:10px;--button-border-radius-bottom-right:10px;--button-border-radius-bottom-left:10px;--button_gradient_top_color:var(--awb-custom18);--button_gradient_bottom_color:var(--awb-custom18);--button_gradient_top_color_hover:#d19c00;--button_gradient_bottom_color_hover:#d19c00;--button_font_size:15pt;\" data-animationType=\"slideInRight\" data-animationDuration=\"1.0\" data-animationOffset=\"top-into-view\" target=\"_self\" href=\"https:\/\/utodas.nl\/de\/kontakt\/\"><span class=\"fusion-button-text awb-button__text awb-button__text--default\">Nehmen Sie Kontakt mit uns auf<\/span><\/a><\/div><\/div><\/div><div class=\"fusion-layout-column fusion_builder_column fusion-builder-column-2 fusion_builder_column_1_2 1_2 fusion-flex-column\" style=\"--awb-padding-top:4%;--awb-padding-right:27%;--awb-padding-bottom:3%;--awb-padding-left:7%;--awb-bg-color:#fcbf00;--awb-bg-color-hover:#fcbf00;--awb-bg-size:cover;--awb-border-color:#ffffff;--awb-border-top:40pt;--awb-border-right:40pt;--awb-border-bottom:40pt;--awb-border-style:solid;--awb-width-large:50%;--awb-margin-top-large:0px;--awb-spacing-right-large:0px;--awb-margin-bottom-large:0px;--awb-spacing-left-large:0px;--awb-width-medium:50%;--awb-order-medium:0;--awb-spacing-right-medium:0px;--awb-spacing-left-medium:0px;--awb-width-small:100%;--awb-order-small:0;--awb-spacing-right-small:0px;--awb-spacing-left-small:0px;\" data-scroll-devices=\"small-visibility,medium-visibility,large-visibility\"><div class=\"fusion-column-wrapper fusion-column-has-shadow fusion-flex-justify-content-flex-start fusion-content-layout-column\"><div class=\"fusion-text fusion-text-2\"><h2>Vorteile<\/h2>\n<h4>Bis zu 40 Prozent niedrigere Logistikkosten<\/h4>\n<h4>Zuverl\u00e4ssige aktuelle Informationen \u00fcber den Vorrat Ihrer Kunden jederzeit online verf\u00fcgbar<\/h4>\n<h4>Online-Dashboard mit Managementinformationen \u00fcber Verbrauchstrends und -daten<\/h4>\n<h4>Gesamtl\u00f6sung einschlie\u00dflich Installation und Service<\/h4>\n<\/div><\/div><\/div><\/div><\/div><\/p>\n","protected":false},"excerpt":{"rendered":"","protected":false},"author":2,"featured_media":0,"parent":0,"menu_order":0,"comment_status":"closed","ping_status":"closed","template":"100-width.php","meta":{"footnotes":""},"class_list":["post-1466","page","type-page","status-publish","hentry"],"yoast_head":"<!-- This site is optimized with the Yoast SEO plugin v27.3 - https:\/\/yoast.com\/product\/yoast-seo-wordpress\/ -->\n<title>Utodas - Zuverl\u00e4ssige Telemetrie f\u00fcr Sch\u00fcttg\u00fcter<\/title>\n<meta name=\"description\" content=\"Mit unserer Online-F\u00fcllstandmessung haben Sie jederzeit Einblick in den aktuellen Vorrat in Tanks, Containern und Silos Ihrer Abnehmer.\" \/>\n<meta name=\"robots\" content=\"index, follow, max-snippet:-1, max-image-preview:large, max-video-preview:-1\" \/>\n<link rel=\"canonical\" href=\"https:\/\/utodas.nl\/de\/\" \/>\n<meta property=\"og:locale\" content=\"de_DE\" \/>\n<meta property=\"og:type\" content=\"article\" \/>\n<meta property=\"og:title\" content=\"Utodas - Zuverl\u00e4ssige Telemetrie f\u00fcr Sch\u00fcttg\u00fcter\" \/>\n<meta property=\"og:description\" content=\"Mit unserer Online-F\u00fcllstandmessung haben Sie jederzeit Einblick in den aktuellen Vorrat in Tanks, Containern und Silos Ihrer Abnehmer.\" \/>\n<meta property=\"og:url\" content=\"https:\/\/utodas.nl\/de\/\" \/>\n<meta property=\"og:site_name\" content=\"Utodas\" \/>\n<meta property=\"article:modified_time\" content=\"2025-01-22T15:20:46+00:00\" \/>\n<meta name=\"twitter:card\" content=\"summary_large_image\" \/>\n<meta name=\"twitter:label1\" content=\"Gesch\u00e4tzte Lesezeit\" \/>\n\t<meta name=\"twitter:data1\" content=\"1\u00a0Minute\" \/>\n<script type=\"application\/ld+json\" class=\"yoast-schema-graph\">{\"@context\":\"https:\\\/\\\/schema.org\",\"@graph\":[{\"@type\":\"WebPage\",\"@id\":\"https:\\\/\\\/utodas.nl\\\/de\\\/\",\"url\":\"https:\\\/\\\/utodas.nl\\\/de\\\/\",\"name\":\"Utodas - Zuverl\u00e4ssige Telemetrie f\u00fcr Sch\u00fcttg\u00fcter\",\"isPartOf\":{\"@id\":\"https:\\\/\\\/utodas.nl\\\/de\\\/#website\"},\"datePublished\":\"2023-07-07T08:54:55+00:00\",\"dateModified\":\"2025-01-22T15:20:46+00:00\",\"description\":\"Mit unserer Online-F\u00fcllstandmessung haben Sie jederzeit Einblick in den aktuellen Vorrat in Tanks, Containern und Silos Ihrer Abnehmer.\",\"breadcrumb\":{\"@id\":\"https:\\\/\\\/utodas.nl\\\/de\\\/#breadcrumb\"},\"inLanguage\":\"de\",\"potentialAction\":[{\"@type\":\"ReadAction\",\"target\":[\"https:\\\/\\\/utodas.nl\\\/de\\\/\"]}]},{\"@type\":\"BreadcrumbList\",\"@id\":\"https:\\\/\\\/utodas.nl\\\/de\\\/#breadcrumb\",\"itemListElement\":[{\"@type\":\"ListItem\",\"position\":1,\"name\":\"Home\",\"item\":\"https:\\\/\\\/utodas.nl\\\/de\\\/\"},{\"@type\":\"ListItem\",\"position\":2,\"name\":\"Home\"}]},{\"@type\":\"WebSite\",\"@id\":\"https:\\\/\\\/utodas.nl\\\/de\\\/#website\",\"url\":\"https:\\\/\\\/utodas.nl\\\/de\\\/\",\"name\":\"Utodas\",\"description\":\"\",\"publisher\":{\"@id\":\"https:\\\/\\\/utodas.nl\\\/de\\\/#organization\"},\"potentialAction\":[{\"@type\":\"SearchAction\",\"target\":{\"@type\":\"EntryPoint\",\"urlTemplate\":\"https:\\\/\\\/utodas.nl\\\/de\\\/?s={search_term_string}\"},\"query-input\":{\"@type\":\"PropertyValueSpecification\",\"valueRequired\":true,\"valueName\":\"search_term_string\"}}],\"inLanguage\":\"de\"},{\"@type\":\"Organization\",\"@id\":\"https:\\\/\\\/utodas.nl\\\/de\\\/#organization\",\"name\":\"Utodas B.V.\",\"url\":\"https:\\\/\\\/utodas.nl\\\/de\\\/\",\"logo\":{\"@type\":\"ImageObject\",\"inLanguage\":\"de\",\"@id\":\"https:\\\/\\\/utodas.nl\\\/de\\\/#\\\/schema\\\/logo\\\/image\\\/\",\"url\":\"https:\\\/\\\/utodas.nl\\\/wp-content\\\/uploads\\\/2021\\\/06\\\/LogoUtodas-200px.png\",\"contentUrl\":\"https:\\\/\\\/utodas.nl\\\/wp-content\\\/uploads\\\/2021\\\/06\\\/LogoUtodas-200px.png\",\"width\":200,\"height\":72,\"caption\":\"Utodas B.V.\"},\"image\":{\"@id\":\"https:\\\/\\\/utodas.nl\\\/de\\\/#\\\/schema\\\/logo\\\/image\\\/\"}}]}<\/script>\n<!-- \/ Yoast SEO plugin. -->","yoast_head_json":{"title":"Utodas - Zuverl\u00e4ssige Telemetrie f\u00fcr Sch\u00fcttg\u00fcter","description":"Mit unserer Online-F\u00fcllstandmessung haben Sie jederzeit Einblick in den aktuellen Vorrat in Tanks, Containern und Silos Ihrer Abnehmer.","robots":{"index":"index","follow":"follow","max-snippet":"max-snippet:-1","max-image-preview":"max-image-preview:large","max-video-preview":"max-video-preview:-1"},"canonical":"https:\/\/utodas.nl\/de\/","og_locale":"de_DE","og_type":"article","og_title":"Utodas - Zuverl\u00e4ssige Telemetrie f\u00fcr Sch\u00fcttg\u00fcter","og_description":"Mit unserer Online-F\u00fcllstandmessung haben Sie jederzeit Einblick in den aktuellen Vorrat in Tanks, Containern und Silos Ihrer Abnehmer.","og_url":"https:\/\/utodas.nl\/de\/","og_site_name":"Utodas","article_modified_time":"2025-01-22T15:20:46+00:00","twitter_card":"summary_large_image","twitter_misc":{"Gesch\u00e4tzte Lesezeit":"1\u00a0Minute"},"schema":{"@context":"https:\/\/schema.org","@graph":[{"@type":"WebPage","@id":"https:\/\/utodas.nl\/de\/","url":"https:\/\/utodas.nl\/de\/","name":"Utodas - Zuverl\u00e4ssige Telemetrie f\u00fcr Sch\u00fcttg\u00fcter","isPartOf":{"@id":"https:\/\/utodas.nl\/de\/#website"},"datePublished":"2023-07-07T08:54:55+00:00","dateModified":"2025-01-22T15:20:46+00:00","description":"Mit unserer Online-F\u00fcllstandmessung haben Sie jederzeit Einblick in den aktuellen Vorrat in Tanks, Containern und Silos Ihrer Abnehmer.","breadcrumb":{"@id":"https:\/\/utodas.nl\/de\/#breadcrumb"},"inLanguage":"de","potentialAction":[{"@type":"ReadAction","target":["https:\/\/utodas.nl\/de\/"]}]},{"@type":"BreadcrumbList","@id":"https:\/\/utodas.nl\/de\/#breadcrumb","itemListElement":[{"@type":"ListItem","position":1,"name":"Home","item":"https:\/\/utodas.nl\/de\/"},{"@type":"ListItem","position":2,"name":"Home"}]},{"@type":"WebSite","@id":"https:\/\/utodas.nl\/de\/#website","url":"https:\/\/utodas.nl\/de\/","name":"Utodas","description":"","publisher":{"@id":"https:\/\/utodas.nl\/de\/#organization"},"potentialAction":[{"@type":"SearchAction","target":{"@type":"EntryPoint","urlTemplate":"https:\/\/utodas.nl\/de\/?s={search_term_string}"},"query-input":{"@type":"PropertyValueSpecification","valueRequired":true,"valueName":"search_term_string"}}],"inLanguage":"de"},{"@type":"Organization","@id":"https:\/\/utodas.nl\/de\/#organization","name":"Utodas B.V.","url":"https:\/\/utodas.nl\/de\/","logo":{"@type":"ImageObject","inLanguage":"de","@id":"https:\/\/utodas.nl\/de\/#\/schema\/logo\/image\/","url":"https:\/\/utodas.nl\/wp-content\/uploads\/2021\/06\/LogoUtodas-200px.png","contentUrl":"https:\/\/utodas.nl\/wp-content\/uploads\/2021\/06\/LogoUtodas-200px.png","width":200,"height":72,"caption":"Utodas B.V."},"image":{"@id":"https:\/\/utodas.nl\/de\/#\/schema\/logo\/image\/"}}]}},"_links":{"self":[{"href":"https:\/\/utodas.nl\/de\/wp-json\/wp\/v2\/pages\/1466","targetHints":{"allow":["GET"]}}],"collection":[{"href":"https:\/\/utodas.nl\/de\/wp-json\/wp\/v2\/pages"}],"about":[{"href":"https:\/\/utodas.nl\/de\/wp-json\/wp\/v2\/types\/page"}],"author":[{"embeddable":true,"href":"https:\/\/utodas.nl\/de\/wp-json\/wp\/v2\/users\/2"}],"replies":[{"embeddable":true,"href":"https:\/\/utodas.nl\/de\/wp-json\/wp\/v2\/comments?post=1466"}],"version-history":[{"count":8,"href":"https:\/\/utodas.nl\/de\/wp-json\/wp\/v2\/pages\/1466\/revisions"}],"predecessor-version":[{"id":2301,"href":"https:\/\/utodas.nl\/de\/wp-json\/wp\/v2\/pages\/1466\/revisions\/2301"}],"wp:attachment":[{"href":"https:\/\/utodas.nl\/de\/wp-json\/wp\/v2\/media?parent=1466"}],"curies":[{"name":"wp","href":"https:\/\/api.w.org\/{rel}","templated":true}]}}