{"id":1188,"date":"2021-06-17T13:37:09","date_gmt":"2021-06-17T13:37:09","guid":{"rendered":"https:\/\/utodas.nl\/disclaimer-utodas-b-v\/"},"modified":"2023-09-15T10:10:20","modified_gmt":"2023-09-15T10:10:20","slug":"disclaimer-de","status":"publish","type":"page","link":"https:\/\/utodas.nl\/de\/disclaimer-de\/","title":{"rendered":"Disclaimer"},"content":{"rendered":"<p><div class=\"fusion-fullwidth fullwidth-box fusion-builder-row-1 fusion-flex-container hundred-percent-fullwidth non-hundred-percent-height-scrolling\" style=\"--awb-border-radius-top-left:0px;--awb-border-radius-top-right:0px;--awb-border-radius-bottom-right:0px;--awb-border-radius-bottom-left:0px;--awb-padding-top:0px;--awb-padding-right:0px;--awb-padding-bottom:0px;--awb-padding-left:0px;--awb-background-color:#fcbf00;--awb-flex-wrap:wrap;\" ><div class=\"fusion-builder-row fusion-row fusion-flex-align-items-flex-start fusion-flex-content-wrap\" style=\"width:calc( 100% + 0px ) !important;max-width:calc( 100% + 0px ) !important;margin-left: calc(-0px \/ 2 );margin-right: calc(-0px \/ 2 );\"><div class=\"fusion-layout-column fusion_builder_column fusion-builder-column-0 fusion_builder_column_1_1 1_1 fusion-flex-column\" style=\"--awb-bg-size:cover;--awb-width-large:100%;--awb-margin-top-large:0px;--awb-spacing-right-large:0px;--awb-margin-bottom-large:20px;--awb-spacing-left-large:0px;--awb-width-medium:100%;--awb-order-medium:0;--awb-spacing-right-medium:0px;--awb-spacing-left-medium:0px;--awb-width-small:100%;--awb-order-small:0;--awb-spacing-right-small:0px;--awb-spacing-left-small:0px;\"><div class=\"fusion-column-wrapper fusion-column-has-shadow fusion-flex-justify-content-flex-start fusion-content-layout-column\"><div class=\"fusion-text fusion-text-1 fusion-text-no-margin\" style=\"--awb-margin-top:-5px;--awb-margin-bottom:-24px;\"><h1 style=\"text-align: center;\">Disclaimer Utodas B.V.<\/h1>\n<\/div><\/div><\/div><\/div><\/div><div class=\"fusion-fullwidth fullwidth-box fusion-builder-row-2 fusion-flex-container nonhundred-percent-fullwidth non-hundred-percent-height-scrolling\" style=\"--awb-border-radius-top-left:0px;--awb-border-radius-top-right:0px;--awb-border-radius-bottom-right:0px;--awb-border-radius-bottom-left:0px;--awb-margin-top:40px;--awb-flex-wrap:wrap;\" ><div class=\"fusion-builder-row fusion-row fusion-flex-align-items-flex-start fusion-flex-content-wrap\" style=\"max-width:1248px;margin-left: calc(-4% \/ 2 );margin-right: calc(-4% \/ 2 );\"><div class=\"fusion-layout-column fusion_builder_column fusion-builder-column-1 fusion_builder_column_1_1 1_1 fusion-flex-column\" style=\"--awb-bg-size:cover;--awb-width-large:100%;--awb-margin-top-large:0px;--awb-spacing-right-large:1.92%;--awb-margin-bottom-large:20px;--awb-spacing-left-large:1.92%;--awb-width-medium:100%;--awb-order-medium:0;--awb-spacing-right-medium:1.92%;--awb-spacing-left-medium:1.92%;--awb-width-small:100%;--awb-order-small:0;--awb-spacing-right-small:1.92%;--awb-spacing-left-small:1.92%;\"><div class=\"fusion-column-wrapper fusion-column-has-shadow fusion-flex-justify-content-flex-start fusion-content-layout-column\"><div class=\"fusion-text fusion-text-2\"><h5>Disclaimer Utodas B.V.<\/h5>\n<p>Die auf dieser Website bereitgestellten Informationen und Empfehlungen (nachfolgend \u201eInformationen\u201c genannt) werden Ihnen nach bestem Wissen und Gewissen zur Verf\u00fcgung gestellt. Wir gehen davon aus, dass die Informationen zum Zeitpunkt ihrer Bereitstellung richtig sind. Utodas B.V. und die mit Utodas B.V. verbundenen Unternehmen (nachfolgend \u201eUtodas\u201c genannt) k\u00f6nnen die Vollst\u00e4ndigkeit und Richtigkeit dieser Informationen jedoch nicht garantieren. Sie sind selbst daf\u00fcr verantwortlich, in welcher Weise Sie auf diese Informationen vertrauen. Utodas haftet nicht f\u00fcr eventuelle Sch\u00e4den infolge des Vertrauens, das Sie in diese Informationen gesetzt haben, oder infolge von deren Nutzung.<\/p>\n<p>Utodas beh\u00e4lt sich das Recht vor, den Inhalt der Seiten ohne vorhergehende Mitteilung zu \u00e4ndern oder zu berichtigen.<\/p>\n<p>Alle Informationen auf dieser Website (Dokumente, aus denen diese Website zusammengestellt ist, und alle f\u00fcr diese Website entwickelten Elemente) sind das Eigentum von Utodas und f\u00fcr sie gilt das Urheberrecht, sobald die Informationen auf dem Webserver der \u00d6ffentlichkeit zur Verf\u00fcgung gestellt werden. Die Dokumente dieser Website d\u00fcrfen nur zu Informationszwecken und ausschlie\u00dflich f\u00fcr private Zwecke kopiert werden; jegliche Reproduktion oder jede Nutzung von Kopien zu anderen Zwecken ist ausdr\u00fccklich verboten. Den Benutzern dieser Website wird keinerlei Lizenz und auch kein anderes Recht als der Besuch der Website einger\u00e4umt.<\/p>\n<p>Sofern nicht anders angegeben, sind die auf dieser Website genannten Firmennamen, Logos, Produkte und Marken (\u00ae- und TM-Produkte) das Eigentum von Utodas. Sie d\u00fcrfen nicht ohne vorhergehende schriftliche Einwilligung von Utodas verwendet werden. Wenn Sie diese Website besuchen, \u00fcbermitteln Sie uns vielleicht bestimmte personenbezogene Daten, damit wir Ihre Informationsw\u00fcnsche und Erwartungen besser erf\u00fcllen k\u00f6nnen und Sie die auf dieser Website angebotenen Dienste nutzen k\u00f6nnen. Diese Daten werden vertraulich gespeichert und sind ausschlie\u00dflich f\u00fcr Utodas sowie seine selbstst\u00e4ndigen Partner und H\u00e4ndler f\u00fcr Analysezwecke und Untersuchungen gedacht.<\/p>\n<p>Utodas und seine Filialen weisen ausdr\u00fccklich jegliche Haftung f\u00fcr den Inhalt von Websites, auf die verlinkt wird, von sich. Diese Verkn\u00fcpfungen werden den Benutzern der Website von Utodas als Service angeboten. Die Entscheidung, auf diese Links zu klicken, unterliegt den Website-Benutzern selbst.<\/p>\n<p>Von E-Mail-Nachrichten sowie auch eventuellen Anh\u00e4ngen k\u00f6nnen keine Anspr\u00fcche abgeleitet werden. Wenn Sie eine E-Mail-Nachricht unrechtm\u00e4\u00dfig erhalten, werden Sie gebeten, uns davon unmittelbar in Kenntnis zu setzen und die Nachricht zu l\u00f6schen. Es ist nicht erlaubt, die Nachricht \u2013 in ihrer Gesamtheit oder in Teilen \u2013 ohne Einwilligung zu verwenden oder zu verbreiten. Utodas B.V. schlie\u00dft jegliche Haftung aus, wenn Informationen in E-Mail-Nachrichten nicht richtig, unvollst\u00e4ndig oder nicht rechtzeitig \u00fcbermittelt werden, sowie wenn Sch\u00e4den infolge von E-Mail-Nachrichten entstehen. Utodas B.V. garantiert nicht, dass die Nachrichten vor Abfangen oder Manipulation durch Dritte oder Computerprogramme, die f\u00fcr die elektronischen Nachrichten genutzt werden, und vor der \u00dcbertragung von Viren gesch\u00fctzt sind.<\/p>\n<\/div><\/div><\/div><\/div><\/div><\/p>\n","protected":false},"excerpt":{"rendered":"","protected":false},"author":1,"featured_media":0,"parent":0,"menu_order":0,"comment_status":"closed","ping_status":"closed","template":"100-width.php","meta":{"footnotes":""},"class_list":["post-1188","page","type-page","status-publish","hentry"],"yoast_head":"<!-- This site is optimized with the Yoast SEO plugin v27.3 - https:\/\/yoast.com\/product\/yoast-seo-wordpress\/ -->\n<title>Utodas - Disclaimer Utodas B.V.<\/title>\n<meta name=\"description\" content=\"Die auf dieser Website bereitgestellten Informationen und Empfehlungen werden Ihnen nach bestem Wissen und Gewissen zur Verf\u00fcgung gestellt.\" \/>\n<meta name=\"robots\" content=\"index, follow, max-snippet:-1, max-image-preview:large, max-video-preview:-1\" \/>\n<link rel=\"canonical\" href=\"https:\/\/utodas.nl\/de\/disclaimer-de\/\" \/>\n<meta property=\"og:locale\" content=\"de_DE\" \/>\n<meta property=\"og:type\" content=\"article\" \/>\n<meta property=\"og:title\" content=\"Utodas - Disclaimer Utodas B.V.\" \/>\n<meta property=\"og:description\" content=\"Die auf dieser Website bereitgestellten Informationen und Empfehlungen werden Ihnen nach bestem Wissen und Gewissen zur Verf\u00fcgung gestellt.\" \/>\n<meta property=\"og:url\" content=\"https:\/\/utodas.nl\/de\/disclaimer-de\/\" \/>\n<meta property=\"og:site_name\" content=\"Utodas\" \/>\n<meta property=\"article:modified_time\" content=\"2023-09-15T10:10:20+00:00\" \/>\n<meta name=\"twitter:card\" content=\"summary_large_image\" \/>\n<meta name=\"twitter:label1\" content=\"Gesch\u00e4tzte Lesezeit\" \/>\n\t<meta name=\"twitter:data1\" content=\"5\u00a0Minuten\" \/>\n<script type=\"application\/ld+json\" class=\"yoast-schema-graph\">{\"@context\":\"https:\\\/\\\/schema.org\",\"@graph\":[{\"@type\":\"WebPage\",\"@id\":\"https:\\\/\\\/utodas.nl\\\/de\\\/disclaimer-de\\\/\",\"url\":\"https:\\\/\\\/utodas.nl\\\/de\\\/disclaimer-de\\\/\",\"name\":\"Utodas - Disclaimer Utodas B.V.\",\"isPartOf\":{\"@id\":\"https:\\\/\\\/utodas.nl\\\/de\\\/#website\"},\"datePublished\":\"2021-06-17T13:37:09+00:00\",\"dateModified\":\"2023-09-15T10:10:20+00:00\",\"description\":\"Die auf dieser Website bereitgestellten Informationen und Empfehlungen werden Ihnen nach bestem Wissen und Gewissen zur Verf\u00fcgung gestellt.\",\"breadcrumb\":{\"@id\":\"https:\\\/\\\/utodas.nl\\\/de\\\/disclaimer-de\\\/#breadcrumb\"},\"inLanguage\":\"de\",\"potentialAction\":[{\"@type\":\"ReadAction\",\"target\":[\"https:\\\/\\\/utodas.nl\\\/de\\\/disclaimer-de\\\/\"]}]},{\"@type\":\"BreadcrumbList\",\"@id\":\"https:\\\/\\\/utodas.nl\\\/de\\\/disclaimer-de\\\/#breadcrumb\",\"itemListElement\":[{\"@type\":\"ListItem\",\"position\":1,\"name\":\"Home\",\"item\":\"https:\\\/\\\/utodas.nl\\\/de\\\/\"},{\"@type\":\"ListItem\",\"position\":2,\"name\":\"Disclaimer\"}]},{\"@type\":\"WebSite\",\"@id\":\"https:\\\/\\\/utodas.nl\\\/de\\\/#website\",\"url\":\"https:\\\/\\\/utodas.nl\\\/de\\\/\",\"name\":\"Utodas\",\"description\":\"\",\"publisher\":{\"@id\":\"https:\\\/\\\/utodas.nl\\\/de\\\/#organization\"},\"potentialAction\":[{\"@type\":\"SearchAction\",\"target\":{\"@type\":\"EntryPoint\",\"urlTemplate\":\"https:\\\/\\\/utodas.nl\\\/de\\\/?s={search_term_string}\"},\"query-input\":{\"@type\":\"PropertyValueSpecification\",\"valueRequired\":true,\"valueName\":\"search_term_string\"}}],\"inLanguage\":\"de\"},{\"@type\":\"Organization\",\"@id\":\"https:\\\/\\\/utodas.nl\\\/de\\\/#organization\",\"name\":\"Utodas B.V.\",\"url\":\"https:\\\/\\\/utodas.nl\\\/de\\\/\",\"logo\":{\"@type\":\"ImageObject\",\"inLanguage\":\"de\",\"@id\":\"https:\\\/\\\/utodas.nl\\\/de\\\/#\\\/schema\\\/logo\\\/image\\\/\",\"url\":\"https:\\\/\\\/utodas.nl\\\/wp-content\\\/uploads\\\/2021\\\/06\\\/LogoUtodas-200px.png\",\"contentUrl\":\"https:\\\/\\\/utodas.nl\\\/wp-content\\\/uploads\\\/2021\\\/06\\\/LogoUtodas-200px.png\",\"width\":200,\"height\":72,\"caption\":\"Utodas B.V.\"},\"image\":{\"@id\":\"https:\\\/\\\/utodas.nl\\\/de\\\/#\\\/schema\\\/logo\\\/image\\\/\"}}]}<\/script>\n<!-- \/ Yoast SEO plugin. -->","yoast_head_json":{"title":"Utodas - Disclaimer Utodas B.V.","description":"Die auf dieser Website bereitgestellten Informationen und Empfehlungen werden Ihnen nach bestem Wissen und Gewissen zur Verf\u00fcgung gestellt.","robots":{"index":"index","follow":"follow","max-snippet":"max-snippet:-1","max-image-preview":"max-image-preview:large","max-video-preview":"max-video-preview:-1"},"canonical":"https:\/\/utodas.nl\/de\/disclaimer-de\/","og_locale":"de_DE","og_type":"article","og_title":"Utodas - Disclaimer Utodas B.V.","og_description":"Die auf dieser Website bereitgestellten Informationen und Empfehlungen werden Ihnen nach bestem Wissen und Gewissen zur Verf\u00fcgung gestellt.","og_url":"https:\/\/utodas.nl\/de\/disclaimer-de\/","og_site_name":"Utodas","article_modified_time":"2023-09-15T10:10:20+00:00","twitter_card":"summary_large_image","twitter_misc":{"Gesch\u00e4tzte Lesezeit":"5\u00a0Minuten"},"schema":{"@context":"https:\/\/schema.org","@graph":[{"@type":"WebPage","@id":"https:\/\/utodas.nl\/de\/disclaimer-de\/","url":"https:\/\/utodas.nl\/de\/disclaimer-de\/","name":"Utodas - Disclaimer Utodas B.V.","isPartOf":{"@id":"https:\/\/utodas.nl\/de\/#website"},"datePublished":"2021-06-17T13:37:09+00:00","dateModified":"2023-09-15T10:10:20+00:00","description":"Die auf dieser Website bereitgestellten Informationen und Empfehlungen werden Ihnen nach bestem Wissen und Gewissen zur Verf\u00fcgung gestellt.","breadcrumb":{"@id":"https:\/\/utodas.nl\/de\/disclaimer-de\/#breadcrumb"},"inLanguage":"de","potentialAction":[{"@type":"ReadAction","target":["https:\/\/utodas.nl\/de\/disclaimer-de\/"]}]},{"@type":"BreadcrumbList","@id":"https:\/\/utodas.nl\/de\/disclaimer-de\/#breadcrumb","itemListElement":[{"@type":"ListItem","position":1,"name":"Home","item":"https:\/\/utodas.nl\/de\/"},{"@type":"ListItem","position":2,"name":"Disclaimer"}]},{"@type":"WebSite","@id":"https:\/\/utodas.nl\/de\/#website","url":"https:\/\/utodas.nl\/de\/","name":"Utodas","description":"","publisher":{"@id":"https:\/\/utodas.nl\/de\/#organization"},"potentialAction":[{"@type":"SearchAction","target":{"@type":"EntryPoint","urlTemplate":"https:\/\/utodas.nl\/de\/?s={search_term_string}"},"query-input":{"@type":"PropertyValueSpecification","valueRequired":true,"valueName":"search_term_string"}}],"inLanguage":"de"},{"@type":"Organization","@id":"https:\/\/utodas.nl\/de\/#organization","name":"Utodas B.V.","url":"https:\/\/utodas.nl\/de\/","logo":{"@type":"ImageObject","inLanguage":"de","@id":"https:\/\/utodas.nl\/de\/#\/schema\/logo\/image\/","url":"https:\/\/utodas.nl\/wp-content\/uploads\/2021\/06\/LogoUtodas-200px.png","contentUrl":"https:\/\/utodas.nl\/wp-content\/uploads\/2021\/06\/LogoUtodas-200px.png","width":200,"height":72,"caption":"Utodas B.V."},"image":{"@id":"https:\/\/utodas.nl\/de\/#\/schema\/logo\/image\/"}}]}},"_links":{"self":[{"href":"https:\/\/utodas.nl\/de\/wp-json\/wp\/v2\/pages\/1188","targetHints":{"allow":["GET"]}}],"collection":[{"href":"https:\/\/utodas.nl\/de\/wp-json\/wp\/v2\/pages"}],"about":[{"href":"https:\/\/utodas.nl\/de\/wp-json\/wp\/v2\/types\/page"}],"author":[{"embeddable":true,"href":"https:\/\/utodas.nl\/de\/wp-json\/wp\/v2\/users\/1"}],"replies":[{"embeddable":true,"href":"https:\/\/utodas.nl\/de\/wp-json\/wp\/v2\/comments?post=1188"}],"version-history":[{"count":4,"href":"https:\/\/utodas.nl\/de\/wp-json\/wp\/v2\/pages\/1188\/revisions"}],"predecessor-version":[{"id":1609,"href":"https:\/\/utodas.nl\/de\/wp-json\/wp\/v2\/pages\/1188\/revisions\/1609"}],"wp:attachment":[{"href":"https:\/\/utodas.nl\/de\/wp-json\/wp\/v2\/media?parent=1188"}],"curies":[{"name":"wp","href":"https:\/\/api.w.org\/{rel}","templated":true}]}}