{"id":1185,"date":"2021-06-15T12:48:02","date_gmt":"2021-06-15T10:48:02","guid":{"rendered":"https:\/\/utodas.nl\/unsere-dna\/"},"modified":"2026-04-13T09:08:53","modified_gmt":"2026-04-13T07:08:53","slug":"unsere-dna","status":"publish","type":"page","link":"https:\/\/utodas.nl\/de\/unsere-dna\/","title":{"rendered":"Unsere DNA"},"content":{"rendered":"<p><div class=\"fusion-fullwidth fullwidth-box fusion-builder-row-1 fusion-flex-container nonhundred-percent-fullwidth non-hundred-percent-height-scrolling\" style=\"--awb-border-radius-top-left:0px;--awb-border-radius-top-right:0px;--awb-border-radius-bottom-right:0px;--awb-border-radius-bottom-left:0px;--awb-padding-top:0px;--awb-padding-right:0px;--awb-padding-bottom:0px;--awb-padding-left:0px;--awb-background-color:#fcbf00;--awb-flex-wrap:wrap;\" ><div class=\"fusion-builder-row fusion-row fusion-flex-align-items-flex-start fusion-flex-content-wrap\" style=\"max-width:1248px;margin-left: calc(-4% \/ 2 );margin-right: calc(-4% \/ 2 );\"><div class=\"fusion-layout-column fusion_builder_column fusion-builder-column-0 fusion_builder_column_1_1 1_1 fusion-flex-column\" style=\"--awb-bg-size:cover;--awb-width-large:100%;--awb-margin-top-large:0px;--awb-spacing-right-large:1.92%;--awb-margin-bottom-large:20px;--awb-spacing-left-large:1.92%;--awb-width-medium:100%;--awb-order-medium:0;--awb-spacing-right-medium:1.92%;--awb-spacing-left-medium:1.92%;--awb-width-small:100%;--awb-order-small:0;--awb-spacing-right-small:1.92%;--awb-spacing-left-small:1.92%;\"><div class=\"fusion-column-wrapper fusion-column-has-shadow fusion-flex-justify-content-flex-start fusion-content-layout-column\"><div class=\"fusion-text fusion-text-1 fusion-text-no-margin\" style=\"--awb-margin-top:-5px;--awb-margin-bottom:-24px;\"><h1 style=\"text-align: center;\">Unsere DNA<\/h1>\n<\/div><\/div><\/div><\/div><\/div><div class=\"fusion-fullwidth fullwidth-box fusion-builder-row-2 fusion-flex-container nonhundred-percent-fullwidth non-hundred-percent-height-scrolling\" style=\"--awb-border-radius-top-left:0px;--awb-border-radius-top-right:0px;--awb-border-radius-bottom-right:0px;--awb-border-radius-bottom-left:0px;--awb-padding-top:0px;--awb-padding-right:0px;--awb-padding-bottom:0px;--awb-padding-left:0px;--awb-margin-top:40px;--awb-margin-bottom:0px;--awb-flex-wrap:wrap;\" ><div class=\"fusion-builder-row fusion-row fusion-flex-align-items-stretch fusion-flex-content-wrap\" style=\"max-width:calc( 1200px + 0px );margin-left: calc(-0px \/ 2 );margin-right: calc(-0px \/ 2 );\"><div class=\"fusion-layout-column fusion_builder_column fusion-builder-column-1 fusion_builder_column_1_2 1_2 fusion-flex-column\" style=\"--awb-padding-top:4%;--awb-padding-right:4%;--awb-padding-bottom:4%;--awb-padding-left:4%;--awb-bg-size:cover;--awb-width-large:50%;--awb-margin-top-large:0px;--awb-spacing-right-large:0px;--awb-margin-bottom-large:0px;--awb-spacing-left-large:0px;--awb-width-medium:50%;--awb-order-medium:0;--awb-spacing-right-medium:0px;--awb-spacing-left-medium:0px;--awb-width-small:100%;--awb-order-small:0;--awb-spacing-right-small:0px;--awb-spacing-left-small:0px;\"><div class=\"fusion-column-wrapper fusion-column-has-shadow fusion-flex-justify-content-flex-start fusion-content-layout-column\"><div class=\"fusion-text fusion-text-2\"><p><strong>Utodas mit Sitz in Rhenen ist ein kleines, solides Unternehmen mit kurzen Wegen. Seit der Gr\u00fcndung im Jahr 1995 st\u00fctzt sich Utodas auf zwei S\u00e4ulen: Technikentwicklung und Kundenorientierung.<\/strong><\/p>\n<p><strong>Von Kupplungen zur Telemetrie<\/strong><br \/>\nUrspr\u00fcnglich entwickelte Utodas innovative leckfreie Tankkupplungen f\u00fcr Kerosin am Flughafen Schiphol und f\u00fcr Diesel in Z\u00fcgen unter anderem der Deutschen Bahn. Gleichzeitig verlegte sich Utodas auch immer mehr auf Telemetrie: die Messung und \u00dcberwachung von Sch\u00fcttgutf\u00fcllst\u00e4nden in Tanks, Containern und Silos anhand einer Online-L\u00f6sung. Anders gesagt: Messen und Informationen aus der Ferne.<\/p>\n<\/div><\/div><\/div><div class=\"fusion-layout-column fusion_builder_column fusion-builder-column-2 fusion_builder_column_1_2 1_2 fusion-flex-column\" style=\"--awb-padding-top:4%;--awb-padding-right:4%;--awb-padding-bottom:4%;--awb-padding-left:4%;--awb-bg-size:cover;--awb-width-large:50%;--awb-margin-top-large:0px;--awb-spacing-right-large:0px;--awb-margin-bottom-large:0px;--awb-spacing-left-large:0px;--awb-width-medium:50%;--awb-order-medium:0;--awb-spacing-right-medium:0px;--awb-spacing-left-medium:0px;--awb-width-small:100%;--awb-order-small:0;--awb-spacing-right-small:0px;--awb-spacing-left-small:0px;\"><div class=\"fusion-column-wrapper fusion-column-has-shadow fusion-flex-justify-content-flex-start fusion-content-layout-column\"><div class=\"fusion-text fusion-text-3\"><p><strong>Marktf\u00fchrer<\/strong><br \/>\nDie Online-Messsysteme von Utodas wurden als Erstes in der \u00d6lindustrie angewendet. Danach folgten die Chemie- und Automobilindustrie, die Abfallbehandlungsbranche, der Kl\u00e4rschlammtransport und der \u00f6ffentliche Verkehr. Mittlerweile sind wir Marktf\u00fchrer in den Beneluxstaaten und sehen sehr viele M\u00f6glichkeiten f\u00fcr andere Branchen, die ebenfalls von den Daten, die unsere Systeme liefern, profitieren k\u00f6nnten.<\/p>\n<p><strong>Mitdenken<\/strong><br \/>\nGanz gleich, ob es um gro\u00dfe oder kleine, unterirdische oder oberirdische Tanks und um nat\u00fcrliche oder chemische Stoffe geht, Utodas hat f\u00fcr jede Anwendung eine spezifische Messl\u00f6sung. Und wenn nicht, entwickeln wir sie. Denn bei allem, was wir tun, steht Mitdenken mit dem Kunden im Vordergrund: Wie k\u00f6nnen wir L\u00f6sungen entwickeln, die f\u00fcr unsere Kunden funktionieren. Das ist unsere DNA.<\/p>\n<\/div><\/div><\/div><div class=\"fusion-layout-column fusion_builder_column fusion-builder-column-3 fusion_builder_column_1_1 1_1 fusion-flex-column\" style=\"--awb-bg-size:cover;--awb-width-large:100%;--awb-margin-top-large:0px;--awb-spacing-right-large:0px;--awb-margin-bottom-large:0px;--awb-spacing-left-large:0px;--awb-width-medium:100%;--awb-order-medium:0;--awb-spacing-right-medium:0px;--awb-spacing-left-medium:0px;--awb-width-small:100%;--awb-order-small:0;--awb-spacing-right-small:0px;--awb-spacing-left-small:0px;\"><div class=\"fusion-column-wrapper fusion-column-has-shadow fusion-flex-justify-content-flex-end fusion-content-layout-column\"><div class=\"fusion-image-element \" style=\"--awb-caption-title-font-family:var(--h2_typography-font-family);--awb-caption-title-font-weight:var(--h2_typography-font-weight);--awb-caption-title-font-style:var(--h2_typography-font-style);--awb-caption-title-size:var(--h2_typography-font-size);--awb-caption-title-transform:var(--h2_typography-text-transform);--awb-caption-title-line-height:var(--h2_typography-line-height);--awb-caption-title-letter-spacing:var(--h2_typography-letter-spacing);\"><span class=\" fusion-imageframe imageframe-none imageframe-1 hover-type-none\"><img decoding=\"async\" width=\"1920\" height=\"712\" title=\"UtodasTeam20260413-kw10\" src=\"https:\/\/utodas.nl\/wp-content\/uploads\/UtodasTeam20260413-kw10.webp\" alt class=\"img-responsive wp-image-2397\" srcset=\"https:\/\/utodas.nl\/wp-content\/uploads\/UtodasTeam20260413-kw10-200x74.webp 200w, https:\/\/utodas.nl\/wp-content\/uploads\/UtodasTeam20260413-kw10-400x148.webp 400w, https:\/\/utodas.nl\/wp-content\/uploads\/UtodasTeam20260413-kw10-600x223.webp 600w, https:\/\/utodas.nl\/wp-content\/uploads\/UtodasTeam20260413-kw10-800x297.webp 800w, https:\/\/utodas.nl\/wp-content\/uploads\/UtodasTeam20260413-kw10-1200x445.webp 1200w, https:\/\/utodas.nl\/wp-content\/uploads\/UtodasTeam20260413-kw10.webp 1920w\" sizes=\"(max-width: 640px) 100vw, 1920px\" \/><\/span><\/div><\/div><\/div><\/div><\/div><\/p>\n","protected":false},"excerpt":{"rendered":"","protected":false},"author":1,"featured_media":0,"parent":0,"menu_order":0,"comment_status":"closed","ping_status":"closed","template":"","meta":{"footnotes":""},"class_list":["post-1185","page","type-page","status-publish","hentry"],"yoast_head":"<!-- This site is optimized with the Yoast SEO plugin v27.6 - https:\/\/yoast.com\/product\/yoast-seo-wordpress\/ -->\n<title>Utodas - Online-Messung und Verfolgung der Lagerbest\u00e4nde %<\/title>\n<meta name=\"description\" content=\"Seit der Gr\u00fcndung im Jahr 1995 st\u00fctzt sich Utodas auf zwei S\u00e4ulen: Technikentwicklung und Kundenorientierung.\" \/>\n<meta name=\"robots\" content=\"index, follow, max-snippet:-1, max-image-preview:large, max-video-preview:-1\" \/>\n<link rel=\"canonical\" href=\"https:\/\/utodas.nl\/de\/unsere-dna\/\" \/>\n<meta property=\"og:locale\" content=\"de_DE\" \/>\n<meta property=\"og:type\" content=\"article\" \/>\n<meta property=\"og:title\" content=\"Utodas - Online-Messung und Verfolgung der Lagerbest\u00e4nde %\" \/>\n<meta property=\"og:description\" content=\"Seit der Gr\u00fcndung im Jahr 1995 st\u00fctzt sich Utodas auf zwei S\u00e4ulen: Technikentwicklung und Kundenorientierung.\" \/>\n<meta property=\"og:url\" content=\"https:\/\/utodas.nl\/de\/unsere-dna\/\" \/>\n<meta property=\"og:site_name\" content=\"Utodas\" \/>\n<meta property=\"article:modified_time\" content=\"2026-04-13T07:08:53+00:00\" \/>\n<meta name=\"twitter:card\" content=\"summary_large_image\" \/>\n<meta name=\"twitter:label1\" content=\"Gesch\u00e4tzte Lesezeit\" \/>\n\t<meta name=\"twitter:data1\" content=\"2\u00a0Minuten\" \/>\n<script type=\"application\/ld+json\" class=\"yoast-schema-graph\">{\"@context\":\"https:\\\/\\\/schema.org\",\"@graph\":[{\"@type\":\"WebPage\",\"@id\":\"https:\\\/\\\/utodas.nl\\\/de\\\/unsere-dna\\\/\",\"url\":\"https:\\\/\\\/utodas.nl\\\/de\\\/unsere-dna\\\/\",\"name\":\"Utodas - Online-Messung und Verfolgung der Lagerbest\u00e4nde %\",\"isPartOf\":{\"@id\":\"https:\\\/\\\/utodas.nl\\\/de\\\/#website\"},\"datePublished\":\"2021-06-15T10:48:02+00:00\",\"dateModified\":\"2026-04-13T07:08:53+00:00\",\"description\":\"Seit der Gr\u00fcndung im Jahr 1995 st\u00fctzt sich Utodas auf zwei S\u00e4ulen: Technikentwicklung und Kundenorientierung.\",\"breadcrumb\":{\"@id\":\"https:\\\/\\\/utodas.nl\\\/de\\\/unsere-dna\\\/#breadcrumb\"},\"inLanguage\":\"de\",\"potentialAction\":[{\"@type\":\"ReadAction\",\"target\":[\"https:\\\/\\\/utodas.nl\\\/de\\\/unsere-dna\\\/\"]}]},{\"@type\":\"BreadcrumbList\",\"@id\":\"https:\\\/\\\/utodas.nl\\\/de\\\/unsere-dna\\\/#breadcrumb\",\"itemListElement\":[{\"@type\":\"ListItem\",\"position\":1,\"name\":\"Home\",\"item\":\"https:\\\/\\\/utodas.nl\\\/de\\\/\"},{\"@type\":\"ListItem\",\"position\":2,\"name\":\"Unsere DNA\"}]},{\"@type\":\"WebSite\",\"@id\":\"https:\\\/\\\/utodas.nl\\\/de\\\/#website\",\"url\":\"https:\\\/\\\/utodas.nl\\\/de\\\/\",\"name\":\"Utodas\",\"description\":\"\",\"publisher\":{\"@id\":\"https:\\\/\\\/utodas.nl\\\/de\\\/#organization\"},\"potentialAction\":[{\"@type\":\"SearchAction\",\"target\":{\"@type\":\"EntryPoint\",\"urlTemplate\":\"https:\\\/\\\/utodas.nl\\\/de\\\/?s={search_term_string}\"},\"query-input\":{\"@type\":\"PropertyValueSpecification\",\"valueRequired\":true,\"valueName\":\"search_term_string\"}}],\"inLanguage\":\"de\"},{\"@type\":\"Organization\",\"@id\":\"https:\\\/\\\/utodas.nl\\\/de\\\/#organization\",\"name\":\"Utodas B.V.\",\"url\":\"https:\\\/\\\/utodas.nl\\\/de\\\/\",\"logo\":{\"@type\":\"ImageObject\",\"inLanguage\":\"de\",\"@id\":\"https:\\\/\\\/utodas.nl\\\/de\\\/#\\\/schema\\\/logo\\\/image\\\/\",\"url\":\"https:\\\/\\\/utodas.nl\\\/wp-content\\\/uploads\\\/2021\\\/06\\\/LogoUtodas-200px.png\",\"contentUrl\":\"https:\\\/\\\/utodas.nl\\\/wp-content\\\/uploads\\\/2021\\\/06\\\/LogoUtodas-200px.png\",\"width\":200,\"height\":72,\"caption\":\"Utodas B.V.\"},\"image\":{\"@id\":\"https:\\\/\\\/utodas.nl\\\/de\\\/#\\\/schema\\\/logo\\\/image\\\/\"}}]}<\/script>\n<!-- \/ Yoast SEO plugin. -->","yoast_head_json":{"title":"Utodas - Online-Messung und Verfolgung der Lagerbest\u00e4nde %","description":"Seit der Gr\u00fcndung im Jahr 1995 st\u00fctzt sich Utodas auf zwei S\u00e4ulen: Technikentwicklung und Kundenorientierung.","robots":{"index":"index","follow":"follow","max-snippet":"max-snippet:-1","max-image-preview":"max-image-preview:large","max-video-preview":"max-video-preview:-1"},"canonical":"https:\/\/utodas.nl\/de\/unsere-dna\/","og_locale":"de_DE","og_type":"article","og_title":"Utodas - Online-Messung und Verfolgung der Lagerbest\u00e4nde %","og_description":"Seit der Gr\u00fcndung im Jahr 1995 st\u00fctzt sich Utodas auf zwei S\u00e4ulen: Technikentwicklung und Kundenorientierung.","og_url":"https:\/\/utodas.nl\/de\/unsere-dna\/","og_site_name":"Utodas","article_modified_time":"2026-04-13T07:08:53+00:00","twitter_card":"summary_large_image","twitter_misc":{"Gesch\u00e4tzte Lesezeit":"2\u00a0Minuten"},"schema":{"@context":"https:\/\/schema.org","@graph":[{"@type":"WebPage","@id":"https:\/\/utodas.nl\/de\/unsere-dna\/","url":"https:\/\/utodas.nl\/de\/unsere-dna\/","name":"Utodas - Online-Messung und Verfolgung der Lagerbest\u00e4nde %","isPartOf":{"@id":"https:\/\/utodas.nl\/de\/#website"},"datePublished":"2021-06-15T10:48:02+00:00","dateModified":"2026-04-13T07:08:53+00:00","description":"Seit der Gr\u00fcndung im Jahr 1995 st\u00fctzt sich Utodas auf zwei S\u00e4ulen: Technikentwicklung und Kundenorientierung.","breadcrumb":{"@id":"https:\/\/utodas.nl\/de\/unsere-dna\/#breadcrumb"},"inLanguage":"de","potentialAction":[{"@type":"ReadAction","target":["https:\/\/utodas.nl\/de\/unsere-dna\/"]}]},{"@type":"BreadcrumbList","@id":"https:\/\/utodas.nl\/de\/unsere-dna\/#breadcrumb","itemListElement":[{"@type":"ListItem","position":1,"name":"Home","item":"https:\/\/utodas.nl\/de\/"},{"@type":"ListItem","position":2,"name":"Unsere DNA"}]},{"@type":"WebSite","@id":"https:\/\/utodas.nl\/de\/#website","url":"https:\/\/utodas.nl\/de\/","name":"Utodas","description":"","publisher":{"@id":"https:\/\/utodas.nl\/de\/#organization"},"potentialAction":[{"@type":"SearchAction","target":{"@type":"EntryPoint","urlTemplate":"https:\/\/utodas.nl\/de\/?s={search_term_string}"},"query-input":{"@type":"PropertyValueSpecification","valueRequired":true,"valueName":"search_term_string"}}],"inLanguage":"de"},{"@type":"Organization","@id":"https:\/\/utodas.nl\/de\/#organization","name":"Utodas B.V.","url":"https:\/\/utodas.nl\/de\/","logo":{"@type":"ImageObject","inLanguage":"de","@id":"https:\/\/utodas.nl\/de\/#\/schema\/logo\/image\/","url":"https:\/\/utodas.nl\/wp-content\/uploads\/2021\/06\/LogoUtodas-200px.png","contentUrl":"https:\/\/utodas.nl\/wp-content\/uploads\/2021\/06\/LogoUtodas-200px.png","width":200,"height":72,"caption":"Utodas B.V."},"image":{"@id":"https:\/\/utodas.nl\/de\/#\/schema\/logo\/image\/"}}]}},"_links":{"self":[{"href":"https:\/\/utodas.nl\/de\/wp-json\/wp\/v2\/pages\/1185","targetHints":{"allow":["GET"]}}],"collection":[{"href":"https:\/\/utodas.nl\/de\/wp-json\/wp\/v2\/pages"}],"about":[{"href":"https:\/\/utodas.nl\/de\/wp-json\/wp\/v2\/types\/page"}],"author":[{"embeddable":true,"href":"https:\/\/utodas.nl\/de\/wp-json\/wp\/v2\/users\/1"}],"replies":[{"embeddable":true,"href":"https:\/\/utodas.nl\/de\/wp-json\/wp\/v2\/comments?post=1185"}],"version-history":[{"count":19,"href":"https:\/\/utodas.nl\/de\/wp-json\/wp\/v2\/pages\/1185\/revisions"}],"predecessor-version":[{"id":2399,"href":"https:\/\/utodas.nl\/de\/wp-json\/wp\/v2\/pages\/1185\/revisions\/2399"}],"wp:attachment":[{"href":"https:\/\/utodas.nl\/de\/wp-json\/wp\/v2\/media?parent=1185"}],"curies":[{"name":"wp","href":"https:\/\/api.w.org\/{rel}","templated":true}]}}