{"id":1182,"date":"2021-06-17T11:59:28","date_gmt":"2021-06-17T11:59:28","guid":{"rendered":"https:\/\/utodas.nl\/klaerschlammbehandlung\/"},"modified":"2023-09-13T14:48:50","modified_gmt":"2023-09-13T14:48:50","slug":"klaerschlammbehandlung","status":"publish","type":"page","link":"https:\/\/utodas.nl\/de\/klaerschlammbehandlung\/","title":{"rendered":"Kl\u00e4rschlammbehandlung"},"content":{"rendered":"<p><div class=\"fusion-fullwidth fullwidth-box fusion-builder-row-1 fusion-flex-container hundred-percent-fullwidth non-hundred-percent-height-scrolling\" style=\"--awb-border-radius-top-left:0px;--awb-border-radius-top-right:0px;--awb-border-radius-bottom-right:0px;--awb-border-radius-bottom-left:0px;--awb-padding-top:0px;--awb-padding-right:0px;--awb-padding-bottom:0px;--awb-padding-left:0px;--awb-background-color:#fcbf00;--awb-flex-wrap:wrap;\" ><div class=\"fusion-builder-row fusion-row fusion-flex-align-items-flex-start fusion-flex-content-wrap\" style=\"width:calc( 100% + 0px ) !important;max-width:calc( 100% + 0px ) !important;margin-left: calc(-0px \/ 2 );margin-right: calc(-0px \/ 2 );\"><div class=\"fusion-layout-column fusion_builder_column fusion-builder-column-0 fusion_builder_column_1_1 1_1 fusion-flex-column\" style=\"--awb-bg-size:cover;--awb-width-large:100%;--awb-margin-top-large:0px;--awb-spacing-right-large:0px;--awb-margin-bottom-large:20px;--awb-spacing-left-large:0px;--awb-width-medium:100%;--awb-order-medium:0;--awb-spacing-right-medium:0px;--awb-spacing-left-medium:0px;--awb-width-small:100%;--awb-order-small:0;--awb-spacing-right-small:0px;--awb-spacing-left-small:0px;\"><div class=\"fusion-column-wrapper fusion-column-has-shadow fusion-flex-justify-content-flex-start fusion-content-layout-column\"><div class=\"fusion-text fusion-text-1 fusion-text-no-margin\" style=\"--awb-margin-top:-5px;--awb-margin-bottom:-24px;\"><h1 style=\"text-align: center;\">Kl\u00e4rschlammbehandlung<\/h1>\n<\/div><\/div><\/div><\/div><\/div><div class=\"fusion-fullwidth fullwidth-box fusion-builder-row-2 fusion-flex-container nonhundred-percent-fullwidth non-hundred-percent-height-scrolling\" style=\"--awb-border-radius-top-left:0px;--awb-border-radius-top-right:0px;--awb-border-radius-bottom-right:0px;--awb-border-radius-bottom-left:0px;--awb-margin-top:40px;--awb-flex-wrap:wrap;\" ><div class=\"fusion-builder-row fusion-row fusion-flex-align-items-flex-start fusion-flex-content-wrap\" style=\"max-width:1248px;margin-left: calc(-4% \/ 2 );margin-right: calc(-4% \/ 2 );\"><div class=\"fusion-layout-column fusion_builder_column fusion-builder-column-1 fusion_builder_column_1_2 1_2 fusion-flex-column\" style=\"--awb-bg-size:cover;--awb-width-large:50%;--awb-margin-top-large:0px;--awb-spacing-right-large:3.84%;--awb-margin-bottom-large:40px;--awb-spacing-left-large:3.84%;--awb-width-medium:50%;--awb-order-medium:0;--awb-spacing-right-medium:3.84%;--awb-spacing-left-medium:3.84%;--awb-width-small:100%;--awb-order-small:0;--awb-spacing-right-small:1.92%;--awb-spacing-left-small:1.92%;\"><div class=\"fusion-column-wrapper fusion-column-has-shadow fusion-flex-justify-content-flex-start fusion-content-layout-column\"><div class=\"fusion-image-element \" style=\"--awb-caption-title-font-family:var(--h2_typography-font-family);--awb-caption-title-font-weight:var(--h2_typography-font-weight);--awb-caption-title-font-style:var(--h2_typography-font-style);--awb-caption-title-size:var(--h2_typography-font-size);--awb-caption-title-transform:var(--h2_typography-text-transform);--awb-caption-title-line-height:var(--h2_typography-line-height);--awb-caption-title-letter-spacing:var(--h2_typography-letter-spacing);\"><span class=\" fusion-imageframe imageframe-none imageframe-1 hover-type-none\"><img decoding=\"async\" width=\"1920\" height=\"1200\" alt=\"Utodas - Slibverwerking\" title=\"Utodas &#8211; Slibverwerking\" src=\"https:\/\/utodas.nl\/wp-content\/uploads\/Utodas-Slibverwerking-1263279016.jpg\" class=\"img-responsive wp-image-1067\" srcset=\"https:\/\/utodas.nl\/wp-content\/uploads\/Utodas-Slibverwerking-1263279016-200x125.jpg 200w, https:\/\/utodas.nl\/wp-content\/uploads\/Utodas-Slibverwerking-1263279016-400x250.jpg 400w, https:\/\/utodas.nl\/wp-content\/uploads\/Utodas-Slibverwerking-1263279016-600x375.jpg 600w, https:\/\/utodas.nl\/wp-content\/uploads\/Utodas-Slibverwerking-1263279016-800x500.jpg 800w, https:\/\/utodas.nl\/wp-content\/uploads\/Utodas-Slibverwerking-1263279016-1200x750.jpg 1200w, https:\/\/utodas.nl\/wp-content\/uploads\/Utodas-Slibverwerking-1263279016.jpg 1920w\" sizes=\"(max-width: 640px) 100vw, 600px\" \/><\/span><\/div><\/div><\/div><div class=\"fusion-layout-column fusion_builder_column fusion-builder-column-2 fusion_builder_column_1_2 1_2 fusion-flex-column\" style=\"--awb-bg-size:cover;--awb-width-large:50%;--awb-margin-top-large:0px;--awb-spacing-right-large:3.84%;--awb-margin-bottom-large:40px;--awb-spacing-left-large:3.84%;--awb-width-medium:50%;--awb-order-medium:0;--awb-spacing-right-medium:3.84%;--awb-spacing-left-medium:3.84%;--awb-width-small:100%;--awb-order-small:0;--awb-spacing-right-small:1.92%;--awb-spacing-left-small:1.92%;\"><div class=\"fusion-column-wrapper fusion-column-has-shadow fusion-flex-justify-content-flex-start fusion-content-layout-column\"><div class=\"fusion-image-element \" style=\"--awb-caption-title-font-family:var(--h2_typography-font-family);--awb-caption-title-font-weight:var(--h2_typography-font-weight);--awb-caption-title-font-style:var(--h2_typography-font-style);--awb-caption-title-size:var(--h2_typography-font-size);--awb-caption-title-transform:var(--h2_typography-text-transform);--awb-caption-title-line-height:var(--h2_typography-line-height);--awb-caption-title-letter-spacing:var(--h2_typography-letter-spacing);\"><span class=\" fusion-imageframe imageframe-none imageframe-2 hover-type-none\"><img decoding=\"async\" width=\"1920\" height=\"1200\" alt=\"Utodas - Slibverwerking\" title=\"Utodas &#8211; Slibverwerking\" src=\"https:\/\/utodas.nl\/wp-content\/uploads\/Utodas-Slibverwerking-70.jpg\" class=\"img-responsive wp-image-1071\" srcset=\"https:\/\/utodas.nl\/wp-content\/uploads\/Utodas-Slibverwerking-70-200x125.jpg 200w, https:\/\/utodas.nl\/wp-content\/uploads\/Utodas-Slibverwerking-70-400x250.jpg 400w, https:\/\/utodas.nl\/wp-content\/uploads\/Utodas-Slibverwerking-70-600x375.jpg 600w, https:\/\/utodas.nl\/wp-content\/uploads\/Utodas-Slibverwerking-70-800x500.jpg 800w, https:\/\/utodas.nl\/wp-content\/uploads\/Utodas-Slibverwerking-70-1200x750.jpg 1200w, https:\/\/utodas.nl\/wp-content\/uploads\/Utodas-Slibverwerking-70.jpg 1920w\" sizes=\"(max-width: 640px) 100vw, 600px\" \/><\/span><\/div><\/div><\/div><div class=\"fusion-layout-column fusion_builder_column fusion-builder-column-3 fusion_builder_column_2_3 2_3 fusion-flex-column\" style=\"--awb-bg-size:cover;--awb-width-large:66.666666666667%;--awb-margin-top-large:0px;--awb-spacing-right-large:2.88%;--awb-margin-bottom-large:20px;--awb-spacing-left-large:2.88%;--awb-width-medium:66.666666666667%;--awb-order-medium:0;--awb-spacing-right-medium:2.88%;--awb-spacing-left-medium:2.88%;--awb-width-small:100%;--awb-order-small:0;--awb-spacing-right-small:1.92%;--awb-spacing-left-small:1.92%;\"><div class=\"fusion-column-wrapper fusion-column-has-shadow fusion-flex-justify-content-flex-start fusion-content-layout-column\"><div class=\"fusion-text fusion-text-2\"><h2>Kl\u00e4rschlammbehandlung<\/h2>\n<p>Als Kl\u00e4rschlammtransporteur stehen Sie oft t\u00e4glich in telefonischem Kontakt mit Kl\u00e4ranlagen in der Region, um \u00fcber den F\u00fcllstand der Schlammsilos auf dem Laufenden zu sein. Das kostet viel Zeit und vergr\u00f6\u00dfert die Fehleranf\u00e4lligkeit. Mit den Telemetriel\u00f6sungen von Utodas geh\u00f6rt dies der Vergangenheit an. Mit unserem Webportal haben Sie jederzeit Einblick in die Silof\u00fcllst\u00e4nde der Kl\u00e4ranlagen. So k\u00f6nnen Sie Ihre Transportrouten optimieren und Kosten sowie CO<sub>2<\/sub>-Emissionen senken.<\/p>\n<blockquote>\n<p>Weniger Fehleranf\u00e4lligkeit und erhebliche Kosteneinsparung bei Handling und Transportbewegungen<\/p>\n<\/blockquote>\n<p><strong>Vorteile<\/strong><\/p>\n<ul>\n<li>Unsere Systeme funktionieren autonom, unabh\u00e4ngig von bestehenden internen Netzwerken und interner Prozesssteuerung: Der Datenschutz und die Steuerung des Standortes sind sichergestellt.<\/li>\n<li>Bei Handling und Transportbewegungen lassen sich zu einem niedrigen Preis erhebliche Kosteneinsparungen erzielen und die Fehleranf\u00e4lligkeit sinkt.<\/li>\n<li>Das Management-Informationssystem unseres Webportals unterst\u00fctzt Internet of Things (IoT), ERP-Systeme und Vendor Management Inventory (VMI).<\/li>\n<li>Wir bieten eine Gesamtl\u00f6sung, um Sie optimal zu unterst\u00fctzen: Hardware, Kommunikation, Webportal, Installation und Service. Weil Systeme nur dann funktionieren, wenn alle Komponenten zusammenspielen.<\/li>\n<\/ul>\n<p>M\u00f6chten Sie erfahren, was wir f\u00fcr Sie tun k\u00f6nnen? <a href=\"https:\/\/utodas.nl\/de\/kontakt\/\">Nehmen Sie Kontakt mit uns auf.<\/a><\/p>\n<\/div><\/div><\/div><div class=\"fusion-layout-column fusion_builder_column fusion-builder-column-4 fusion_builder_column_1_3 1_3 fusion-flex-column\" style=\"--awb-bg-size:cover;--awb-width-large:33.333333333333%;--awb-margin-top-large:0px;--awb-spacing-right-large:5.76%;--awb-margin-bottom-large:20px;--awb-spacing-left-large:5.76%;--awb-width-medium:33.333333333333%;--awb-order-medium:0;--awb-spacing-right-medium:5.76%;--awb-spacing-left-medium:5.76%;--awb-width-small:100%;--awb-order-small:0;--awb-spacing-right-small:1.92%;--awb-spacing-left-small:1.92%;\"><div class=\"fusion-column-wrapper fusion-column-has-shadow fusion-flex-justify-content-flex-start fusion-content-layout-column\"><div class=\"fusion-text fusion-text-3\"><h4>Beispiele<\/h4>\n<\/div><div class=\"fusion-text fusion-text-4\"><p><em>Online-F\u00fcllstand\u00fcberwachung f\u00fcr Schlammsilos von Kl\u00e4ranlagen<\/em><\/p>\n<\/div><div ><a class=\"fusion-button button-flat fusion-button-default-size button-default fusion-button-default button-1 fusion-button-span-yes fusion-button-default-type\" target=\"_blank\" rel=\"noopener noreferrer\" href=\"https:\/\/utodas.nl\/wp-content\/uploads\/UTODAS-Case-SlibsiloWaterzuivering-NL.pdf\"><i class=\"fa-file-pdf fas awb-button__icon awb-button__icon--default button-icon-left\" aria-hidden=\"true\"><\/i><span class=\"fusion-button-text awb-button__text awb-button__text--default\">Download PDF<\/span><\/a><\/div><\/div><\/div><\/div><\/div><\/p>\n","protected":false},"excerpt":{"rendered":"","protected":false},"author":1,"featured_media":0,"parent":0,"menu_order":0,"comment_status":"closed","ping_status":"closed","template":"","meta":{"footnotes":""},"class_list":["post-1182","page","type-page","status-publish","hentry"],"yoast_head":"<!-- This site is optimized with the Yoast SEO plugin v27.3 - https:\/\/yoast.com\/product\/yoast-seo-wordpress\/ -->\n<title>Utodas - Online-Einblick in den F\u00fcllstand von Schlupfsilos<\/title>\n<meta name=\"description\" content=\"Als Kl\u00e4rschlammtransporteur stehen Sie oft t\u00e4glich in telefonischem Kontakt mit Kl\u00e4ranlagen in der Region.\" \/>\n<meta name=\"robots\" content=\"index, follow, max-snippet:-1, max-image-preview:large, max-video-preview:-1\" \/>\n<link rel=\"canonical\" href=\"https:\/\/utodas.nl\/de\/klaerschlammbehandlung\/\" \/>\n<meta property=\"og:locale\" content=\"de_DE\" \/>\n<meta property=\"og:type\" content=\"article\" \/>\n<meta property=\"og:title\" content=\"Utodas - Online-Einblick in den F\u00fcllstand von Schlupfsilos\" \/>\n<meta property=\"og:description\" content=\"Als Kl\u00e4rschlammtransporteur stehen Sie oft t\u00e4glich in telefonischem Kontakt mit Kl\u00e4ranlagen in der Region.\" \/>\n<meta property=\"og:url\" content=\"https:\/\/utodas.nl\/de\/klaerschlammbehandlung\/\" \/>\n<meta property=\"og:site_name\" content=\"Utodas\" \/>\n<meta property=\"article:modified_time\" content=\"2023-09-13T14:48:50+00:00\" \/>\n<meta name=\"twitter:card\" content=\"summary_large_image\" \/>\n<meta name=\"twitter:label1\" content=\"Gesch\u00e4tzte Lesezeit\" \/>\n\t<meta name=\"twitter:data1\" content=\"6\u00a0Minuten\" \/>\n<script type=\"application\/ld+json\" class=\"yoast-schema-graph\">{\"@context\":\"https:\\\/\\\/schema.org\",\"@graph\":[{\"@type\":\"WebPage\",\"@id\":\"https:\\\/\\\/utodas.nl\\\/de\\\/klaerschlammbehandlung\\\/\",\"url\":\"https:\\\/\\\/utodas.nl\\\/de\\\/klaerschlammbehandlung\\\/\",\"name\":\"Utodas - Online-Einblick in den F\u00fcllstand von Schlupfsilos\",\"isPartOf\":{\"@id\":\"https:\\\/\\\/utodas.nl\\\/de\\\/#website\"},\"datePublished\":\"2021-06-17T11:59:28+00:00\",\"dateModified\":\"2023-09-13T14:48:50+00:00\",\"description\":\"Als Kl\u00e4rschlammtransporteur stehen Sie oft t\u00e4glich in telefonischem Kontakt mit Kl\u00e4ranlagen in der Region.\",\"breadcrumb\":{\"@id\":\"https:\\\/\\\/utodas.nl\\\/de\\\/klaerschlammbehandlung\\\/#breadcrumb\"},\"inLanguage\":\"de\",\"potentialAction\":[{\"@type\":\"ReadAction\",\"target\":[\"https:\\\/\\\/utodas.nl\\\/de\\\/klaerschlammbehandlung\\\/\"]}]},{\"@type\":\"BreadcrumbList\",\"@id\":\"https:\\\/\\\/utodas.nl\\\/de\\\/klaerschlammbehandlung\\\/#breadcrumb\",\"itemListElement\":[{\"@type\":\"ListItem\",\"position\":1,\"name\":\"Home\",\"item\":\"https:\\\/\\\/utodas.nl\\\/de\\\/\"},{\"@type\":\"ListItem\",\"position\":2,\"name\":\"Kl\u00e4rschlammbehandlung\"}]},{\"@type\":\"WebSite\",\"@id\":\"https:\\\/\\\/utodas.nl\\\/de\\\/#website\",\"url\":\"https:\\\/\\\/utodas.nl\\\/de\\\/\",\"name\":\"Utodas\",\"description\":\"\",\"publisher\":{\"@id\":\"https:\\\/\\\/utodas.nl\\\/de\\\/#organization\"},\"potentialAction\":[{\"@type\":\"SearchAction\",\"target\":{\"@type\":\"EntryPoint\",\"urlTemplate\":\"https:\\\/\\\/utodas.nl\\\/de\\\/?s={search_term_string}\"},\"query-input\":{\"@type\":\"PropertyValueSpecification\",\"valueRequired\":true,\"valueName\":\"search_term_string\"}}],\"inLanguage\":\"de\"},{\"@type\":\"Organization\",\"@id\":\"https:\\\/\\\/utodas.nl\\\/de\\\/#organization\",\"name\":\"Utodas B.V.\",\"url\":\"https:\\\/\\\/utodas.nl\\\/de\\\/\",\"logo\":{\"@type\":\"ImageObject\",\"inLanguage\":\"de\",\"@id\":\"https:\\\/\\\/utodas.nl\\\/de\\\/#\\\/schema\\\/logo\\\/image\\\/\",\"url\":\"https:\\\/\\\/utodas.nl\\\/wp-content\\\/uploads\\\/2021\\\/06\\\/LogoUtodas-200px.png\",\"contentUrl\":\"https:\\\/\\\/utodas.nl\\\/wp-content\\\/uploads\\\/2021\\\/06\\\/LogoUtodas-200px.png\",\"width\":200,\"height\":72,\"caption\":\"Utodas B.V.\"},\"image\":{\"@id\":\"https:\\\/\\\/utodas.nl\\\/de\\\/#\\\/schema\\\/logo\\\/image\\\/\"}}]}<\/script>\n<!-- \/ Yoast SEO plugin. -->","yoast_head_json":{"title":"Utodas - Online-Einblick in den F\u00fcllstand von Schlupfsilos","description":"Als Kl\u00e4rschlammtransporteur stehen Sie oft t\u00e4glich in telefonischem Kontakt mit Kl\u00e4ranlagen in der Region.","robots":{"index":"index","follow":"follow","max-snippet":"max-snippet:-1","max-image-preview":"max-image-preview:large","max-video-preview":"max-video-preview:-1"},"canonical":"https:\/\/utodas.nl\/de\/klaerschlammbehandlung\/","og_locale":"de_DE","og_type":"article","og_title":"Utodas - Online-Einblick in den F\u00fcllstand von Schlupfsilos","og_description":"Als Kl\u00e4rschlammtransporteur stehen Sie oft t\u00e4glich in telefonischem Kontakt mit Kl\u00e4ranlagen in der Region.","og_url":"https:\/\/utodas.nl\/de\/klaerschlammbehandlung\/","og_site_name":"Utodas","article_modified_time":"2023-09-13T14:48:50+00:00","twitter_card":"summary_large_image","twitter_misc":{"Gesch\u00e4tzte Lesezeit":"6\u00a0Minuten"},"schema":{"@context":"https:\/\/schema.org","@graph":[{"@type":"WebPage","@id":"https:\/\/utodas.nl\/de\/klaerschlammbehandlung\/","url":"https:\/\/utodas.nl\/de\/klaerschlammbehandlung\/","name":"Utodas - Online-Einblick in den F\u00fcllstand von Schlupfsilos","isPartOf":{"@id":"https:\/\/utodas.nl\/de\/#website"},"datePublished":"2021-06-17T11:59:28+00:00","dateModified":"2023-09-13T14:48:50+00:00","description":"Als Kl\u00e4rschlammtransporteur stehen Sie oft t\u00e4glich in telefonischem Kontakt mit Kl\u00e4ranlagen in der Region.","breadcrumb":{"@id":"https:\/\/utodas.nl\/de\/klaerschlammbehandlung\/#breadcrumb"},"inLanguage":"de","potentialAction":[{"@type":"ReadAction","target":["https:\/\/utodas.nl\/de\/klaerschlammbehandlung\/"]}]},{"@type":"BreadcrumbList","@id":"https:\/\/utodas.nl\/de\/klaerschlammbehandlung\/#breadcrumb","itemListElement":[{"@type":"ListItem","position":1,"name":"Home","item":"https:\/\/utodas.nl\/de\/"},{"@type":"ListItem","position":2,"name":"Kl\u00e4rschlammbehandlung"}]},{"@type":"WebSite","@id":"https:\/\/utodas.nl\/de\/#website","url":"https:\/\/utodas.nl\/de\/","name":"Utodas","description":"","publisher":{"@id":"https:\/\/utodas.nl\/de\/#organization"},"potentialAction":[{"@type":"SearchAction","target":{"@type":"EntryPoint","urlTemplate":"https:\/\/utodas.nl\/de\/?s={search_term_string}"},"query-input":{"@type":"PropertyValueSpecification","valueRequired":true,"valueName":"search_term_string"}}],"inLanguage":"de"},{"@type":"Organization","@id":"https:\/\/utodas.nl\/de\/#organization","name":"Utodas B.V.","url":"https:\/\/utodas.nl\/de\/","logo":{"@type":"ImageObject","inLanguage":"de","@id":"https:\/\/utodas.nl\/de\/#\/schema\/logo\/image\/","url":"https:\/\/utodas.nl\/wp-content\/uploads\/2021\/06\/LogoUtodas-200px.png","contentUrl":"https:\/\/utodas.nl\/wp-content\/uploads\/2021\/06\/LogoUtodas-200px.png","width":200,"height":72,"caption":"Utodas B.V."},"image":{"@id":"https:\/\/utodas.nl\/de\/#\/schema\/logo\/image\/"}}]}},"_links":{"self":[{"href":"https:\/\/utodas.nl\/de\/wp-json\/wp\/v2\/pages\/1182","targetHints":{"allow":["GET"]}}],"collection":[{"href":"https:\/\/utodas.nl\/de\/wp-json\/wp\/v2\/pages"}],"about":[{"href":"https:\/\/utodas.nl\/de\/wp-json\/wp\/v2\/types\/page"}],"author":[{"embeddable":true,"href":"https:\/\/utodas.nl\/de\/wp-json\/wp\/v2\/users\/1"}],"replies":[{"embeddable":true,"href":"https:\/\/utodas.nl\/de\/wp-json\/wp\/v2\/comments?post=1182"}],"version-history":[{"count":5,"href":"https:\/\/utodas.nl\/de\/wp-json\/wp\/v2\/pages\/1182\/revisions"}],"predecessor-version":[{"id":1588,"href":"https:\/\/utodas.nl\/de\/wp-json\/wp\/v2\/pages\/1182\/revisions\/1588"}],"wp:attachment":[{"href":"https:\/\/utodas.nl\/de\/wp-json\/wp\/v2\/media?parent=1182"}],"curies":[{"name":"wp","href":"https:\/\/api.w.org\/{rel}","templated":true}]}}