{"id":1155,"date":"2021-07-07T09:15:10","date_gmt":"2021-07-07T09:15:10","guid":{"rendered":"https:\/\/utodas.nl\/abfallmanagement\/"},"modified":"2023-09-13T13:53:27","modified_gmt":"2023-09-13T13:53:27","slug":"abfallmanagement","status":"publish","type":"page","link":"https:\/\/utodas.nl\/de\/abfallmanagement\/","title":{"rendered":"Abfallmanagement"},"content":{"rendered":"<p><div class=\"fusion-fullwidth fullwidth-box fusion-builder-row-1 fusion-flex-container nonhundred-percent-fullwidth non-hundred-percent-height-scrolling\" style=\"--awb-border-radius-top-left:0px;--awb-border-radius-top-right:0px;--awb-border-radius-bottom-right:0px;--awb-border-radius-bottom-left:0px;--awb-padding-top:0px;--awb-padding-right:0px;--awb-padding-bottom:0px;--awb-padding-left:0px;--awb-background-color:#fcbf00;--awb-flex-wrap:wrap;\" ><div class=\"fusion-builder-row fusion-row fusion-flex-align-items-flex-start fusion-flex-content-wrap\" style=\"max-width:calc( 1200px + 0px );margin-left: calc(-0px \/ 2 );margin-right: calc(-0px \/ 2 );\"><div class=\"fusion-layout-column fusion_builder_column fusion-builder-column-0 fusion_builder_column_1_1 1_1 fusion-flex-column\" style=\"--awb-bg-size:cover;--awb-width-large:100%;--awb-margin-top-large:0px;--awb-spacing-right-large:0px;--awb-margin-bottom-large:20px;--awb-spacing-left-large:0px;--awb-width-medium:100%;--awb-order-medium:0;--awb-spacing-right-medium:0px;--awb-spacing-left-medium:0px;--awb-width-small:100%;--awb-order-small:0;--awb-spacing-right-small:0px;--awb-spacing-left-small:0px;\"><div class=\"fusion-column-wrapper fusion-column-has-shadow fusion-flex-justify-content-flex-start fusion-content-layout-column\"><div class=\"fusion-text fusion-text-1 fusion-text-no-margin\" style=\"--awb-margin-top:-5px;--awb-margin-bottom:-24px;\"><h1 style=\"text-align: center;\">Abfallmanagement<\/h1>\n<\/div><\/div><\/div><\/div><\/div><div class=\"fusion-fullwidth fullwidth-box fusion-builder-row-2 fusion-flex-container nonhundred-percent-fullwidth non-hundred-percent-height-scrolling\" style=\"--awb-border-radius-top-left:0px;--awb-border-radius-top-right:0px;--awb-border-radius-bottom-right:0px;--awb-border-radius-bottom-left:0px;--awb-margin-top:40px;--awb-flex-wrap:wrap;\" ><div class=\"fusion-builder-row fusion-row fusion-flex-align-items-flex-start fusion-flex-content-wrap\" style=\"max-width:1248px;margin-left: calc(-4% \/ 2 );margin-right: calc(-4% \/ 2 );\"><div class=\"fusion-layout-column fusion_builder_column fusion-builder-column-1 fusion_builder_column_1_2 1_2 fusion-flex-column\" style=\"--awb-bg-size:cover;--awb-width-large:50%;--awb-margin-top-large:0px;--awb-spacing-right-large:3.84%;--awb-margin-bottom-large:40px;--awb-spacing-left-large:3.84%;--awb-width-medium:50%;--awb-order-medium:0;--awb-spacing-right-medium:3.84%;--awb-spacing-left-medium:3.84%;--awb-width-small:100%;--awb-order-small:0;--awb-spacing-right-small:1.92%;--awb-spacing-left-small:1.92%;\"><div class=\"fusion-column-wrapper fusion-column-has-shadow fusion-flex-justify-content-flex-start fusion-content-layout-column\"><div class=\"fusion-image-element \" style=\"--awb-caption-title-font-family:var(--h2_typography-font-family);--awb-caption-title-font-weight:var(--h2_typography-font-weight);--awb-caption-title-font-style:var(--h2_typography-font-style);--awb-caption-title-size:var(--h2_typography-font-size);--awb-caption-title-transform:var(--h2_typography-text-transform);--awb-caption-title-line-height:var(--h2_typography-line-height);--awb-caption-title-letter-spacing:var(--h2_typography-letter-spacing);\"><span class=\" fusion-imageframe imageframe-none imageframe-1 hover-type-none\"><img decoding=\"async\" width=\"1920\" height=\"1200\" alt=\"Utodas - Afvalmanagement\" title=\"Utodas &#8211; Afvalmanagement\" src=\"https:\/\/utodas.nl\/wp-content\/uploads\/Utodas-Afvalmanagement-1312937903.jpg\" class=\"img-responsive wp-image-1057\" srcset=\"https:\/\/utodas.nl\/wp-content\/uploads\/Utodas-Afvalmanagement-1312937903-200x125.jpg 200w, https:\/\/utodas.nl\/wp-content\/uploads\/Utodas-Afvalmanagement-1312937903-400x250.jpg 400w, https:\/\/utodas.nl\/wp-content\/uploads\/Utodas-Afvalmanagement-1312937903-600x375.jpg 600w, https:\/\/utodas.nl\/wp-content\/uploads\/Utodas-Afvalmanagement-1312937903-800x500.jpg 800w, https:\/\/utodas.nl\/wp-content\/uploads\/Utodas-Afvalmanagement-1312937903-1200x750.jpg 1200w, https:\/\/utodas.nl\/wp-content\/uploads\/Utodas-Afvalmanagement-1312937903.jpg 1920w\" sizes=\"(max-width: 640px) 100vw, 600px\" \/><\/span><\/div><\/div><\/div><div class=\"fusion-layout-column fusion_builder_column fusion-builder-column-2 fusion_builder_column_1_2 1_2 fusion-flex-column\" style=\"--awb-bg-size:cover;--awb-width-large:50%;--awb-margin-top-large:0px;--awb-spacing-right-large:3.84%;--awb-margin-bottom-large:40px;--awb-spacing-left-large:3.84%;--awb-width-medium:50%;--awb-order-medium:0;--awb-spacing-right-medium:3.84%;--awb-spacing-left-medium:3.84%;--awb-width-small:100%;--awb-order-small:0;--awb-spacing-right-small:1.92%;--awb-spacing-left-small:1.92%;\"><div class=\"fusion-column-wrapper fusion-column-has-shadow fusion-flex-justify-content-flex-start fusion-content-layout-column\"><div class=\"fusion-image-element \" style=\"--awb-caption-title-font-family:var(--h2_typography-font-family);--awb-caption-title-font-weight:var(--h2_typography-font-weight);--awb-caption-title-font-style:var(--h2_typography-font-style);--awb-caption-title-size:var(--h2_typography-font-size);--awb-caption-title-transform:var(--h2_typography-text-transform);--awb-caption-title-line-height:var(--h2_typography-line-height);--awb-caption-title-letter-spacing:var(--h2_typography-letter-spacing);\"><span class=\" fusion-imageframe imageframe-none imageframe-2 hover-type-none\"><img decoding=\"async\" width=\"1920\" height=\"1200\" alt=\"Utodas - Afvalmanagement\" title=\"Utodas &#8211; Afvalmanagement\" src=\"https:\/\/utodas.nl\/wp-content\/uploads\/Utodas-Afvalmanagement-1788.jpg\" class=\"img-responsive wp-image-1073\" srcset=\"https:\/\/utodas.nl\/wp-content\/uploads\/Utodas-Afvalmanagement-1788-200x125.jpg 200w, https:\/\/utodas.nl\/wp-content\/uploads\/Utodas-Afvalmanagement-1788-400x250.jpg 400w, https:\/\/utodas.nl\/wp-content\/uploads\/Utodas-Afvalmanagement-1788-600x375.jpg 600w, https:\/\/utodas.nl\/wp-content\/uploads\/Utodas-Afvalmanagement-1788-800x500.jpg 800w, https:\/\/utodas.nl\/wp-content\/uploads\/Utodas-Afvalmanagement-1788-1200x750.jpg 1200w, https:\/\/utodas.nl\/wp-content\/uploads\/Utodas-Afvalmanagement-1788.jpg 1920w\" sizes=\"(max-width: 640px) 100vw, 600px\" \/><\/span><\/div><\/div><\/div><div class=\"fusion-layout-column fusion_builder_column fusion-builder-column-3 fusion_builder_column_2_3 2_3 fusion-flex-column\" style=\"--awb-bg-size:cover;--awb-width-large:66.666666666667%;--awb-margin-top-large:0px;--awb-spacing-right-large:2.88%;--awb-margin-bottom-large:20px;--awb-spacing-left-large:2.88%;--awb-width-medium:66.666666666667%;--awb-order-medium:0;--awb-spacing-right-medium:2.88%;--awb-spacing-left-medium:2.88%;--awb-width-small:100%;--awb-order-small:0;--awb-spacing-right-small:1.92%;--awb-spacing-left-small:1.92%;\"><div class=\"fusion-column-wrapper fusion-column-has-shadow fusion-flex-justify-content-flex-start fusion-content-layout-column\"><div class=\"fusion-text fusion-text-2\"><h2>Abfallmanagement<\/h2>\n<p>M\u00fcllcontainer f\u00fcr Altpapier, Altglas, Altkleider, Verpackungs- und Restm\u00fcll werden nicht immer gleich schnell voll. Feste Abholtermine sind also nicht immer und \u00fcberall sinnvoll. Mit den Online-F\u00fcllstandmessungen von Utodas sind Sie nie mehr zu fr\u00fch oder zu sp\u00e4t: Sie wissen immer rechtzeitig, welche Container geleert werden m\u00fcssen. So k\u00f6nnen Sie eine optimale Transportplanung erstellen und Ihre Logistikkosten sowie die CO<sub>2<\/sub>&#8211; und N<sub>2<\/sub>-Emissionen erheblich reduzieren.<\/p>\n<blockquote>\n<p>Mit unseren F\u00fcllstandmessungen wissen Sie immer rechtzeitig, welche Container geleert werden m\u00fcssen<\/p>\n<\/blockquote>\n<p><strong>Vorteile<\/strong><\/p>\n<ul>\n<li>Dank unseres Web-Dashboard haben Sie jederzeit Einblick in den F\u00fcllstand der Container. Dies erm\u00f6glicht eine optimale Transportplanung und somit eine optimale Transportroute zwischen dem Standort und der Abfallbehandlungsanlage.<\/li>\n<li>Unser Web-Dashboard unterst\u00fctzt ERP-Systeme und Vendor Management Inventory (VMI).<\/li>\n<li>Unsere Internet of Things (IoT) Systeme funktionieren autonom, unabh\u00e4ngig von bestehenden internen Netzwerken und interner Prozesssteuerung: Der Datenschutz und die Steuerung des Standortes sind sichergestellt.<\/li>\n<li>Bei Handling und Transportbewegungen lassen sich zu einem niedrigen Preis erhebliche Kosteneinsparungen erzielen.<\/li>\n<li>Wir bieten eine Gesamtl\u00f6sung, um Sie optimal zu unterst\u00fctzen: Hardware, Kommunikation, Web-Dashboard, Installation vor Ort und Service. Weil Systeme nur dann funktionieren, wenn alle Komponenten zusammenspielen.<\/li>\n<\/ul>\n<p>M\u00f6chten Sie erfahren, was wir f\u00fcr Sie tun k\u00f6nnen? <a href=\"https:\/\/utodas.nl\/de\/kontakt\/\">Nehmen Sie Kontakt mit uns auf.<\/a><\/p>\n<\/div><\/div><\/div><\/div><\/div><div class=\"fusion-fullwidth fullwidth-box fusion-builder-row-3 fusion-flex-container nonhundred-percent-fullwidth non-hundred-percent-height-scrolling\" style=\"--awb-border-radius-top-left:0px;--awb-border-radius-top-right:0px;--awb-border-radius-bottom-right:0px;--awb-border-radius-bottom-left:0px;--awb-margin-top:40px;--awb-flex-wrap:wrap;\" ><div class=\"fusion-builder-row fusion-row fusion-flex-align-items-flex-start fusion-flex-content-wrap\" style=\"max-width:1248px;margin-left: calc(-4% \/ 2 );margin-right: calc(-4% \/ 2 );\"><div class=\"fusion-layout-column fusion_builder_column fusion-builder-column-4 fusion_builder_column_1_1 1_1 fusion-flex-column\" style=\"--awb-bg-size:cover;--awb-width-large:100%;--awb-margin-top-large:0px;--awb-spacing-right-large:1.92%;--awb-margin-bottom-large:20px;--awb-spacing-left-large:1.92%;--awb-width-medium:100%;--awb-order-medium:0;--awb-spacing-right-medium:1.92%;--awb-spacing-left-medium:1.92%;--awb-width-small:100%;--awb-order-small:0;--awb-spacing-right-small:1.92%;--awb-spacing-left-small:1.92%;\"><div class=\"fusion-column-wrapper fusion-column-has-shadow fusion-flex-justify-content-flex-start fusion-content-layout-column\"><div class=\"fusion-tabs fusion-tabs-1 classic nav-is-justified horizontal-tabs icon-position-left mobile-mode-accordion\" style=\"--awb-title-border-radius-top-left:0px;--awb-title-border-radius-top-right:0px;--awb-title-border-radius-bottom-right:0px;--awb-title-border-radius-bottom-left:0px;--awb-alignment:start;--awb-inactive-color:#fcbf00;--awb-background-color:#ffffff;--awb-border-color:#e2e2e2;--awb-active-border-color:#fcbf00;\"><div class=\"nav\"><ul class=\"nav-tabs nav-justified\" role=\"tablist\"><li class=\"active\" role=\"presentation\"><a class=\"tab-link\" data-toggle=\"tab\" role=\"tab\" aria-controls=\"tab-c8caa7b0437bc4b5da4\" aria-selected=\"true\" id=\"fusion-tab-technischedaten\" href=\"#tab-c8caa7b0437bc4b5da4\"><h4 class=\"fusion-tab-heading\">Technische Daten<\/h4><\/a><\/li><\/ul><\/div><div class=\"tab-content\"><div class=\"nav fusion-mobile-tab-nav\"><ul class=\"nav-tabs nav-justified\" role=\"tablist\"><li class=\"active\" role=\"presentation\"><a class=\"tab-link\" data-toggle=\"tab\" role=\"tab\" aria-controls=\"tab-c8caa7b0437bc4b5da4\" aria-selected=\"true\" id=\"mobile-fusion-tab-technischedaten\" href=\"#tab-c8caa7b0437bc4b5da4\"><h4 class=\"fusion-tab-heading\">Technische Daten<\/h4><\/a><\/li><\/ul><\/div><div class=\"tab-pane fade fusion-clearfix in active\" role=\"tabpanel\" tabindex=\"0\" aria-labelledby=\"fusion-tab-technischedaten\" id=\"tab-c8caa7b0437bc4b5da4\">\n<p><strong>1. Telemetrieeinheiten<br \/>\n<\/strong> F\u00fcr M\u00fcllcontainer hat Utodas die Nivelo 4 mit integriertem Ultraschallsensor entwickelt.<br \/>\n<strong>Eigenschaften:<\/strong><br \/>\n4G Modem (LTE-M) und gesicherte Kommunikation<br \/>\nBatteriebetrieben, wechselbar<br \/>\nVon der Au\u00dfenseite aktivierbar mit Magnetschalter<br \/>\nIP 65 Schutzklasse<\/p>\n<p><strong>2. Sensoren<br \/>\n<\/strong> integrierter Ultraschallsensor mit einem Bereich von 0 \u2013 2,5 oder 0 \u2013 5 m<br \/>\nIP 67 Schutzklasse<\/p>\n<p><strong>3. Montagematerial<br \/>\n<\/strong>Utodas liefert ein umfangreiches Paket an Hilfsmaterialien. Basierend auf jahrelanger Erfahrung und selbst entwickelt.<br \/>\nF\u00fcr jeden einzelnen Beh\u00e4lter gibt es eine L\u00f6sung.<\/p>\n<p><strong>4. Dashboard<br \/>\n<\/strong>Dashboard f\u00fcr die t\u00e4gliche \u00dcberwachung Ihrer Container.<br \/>\nIn der benutzerfreundlichen Umgebung finden Sie alle wichtigen Informationen in 1 \u00dcbersicht.<br \/>\nDas Dashboard versorgt Sie auf unserer gut gesicherten Website rund um die Uhr mit Daten.<br \/>\nZugang mit einem pers\u00f6nlichen Benutzernamen und einem pers\u00f6nlichen Passwort. In Ihrem Profil sehen Sie alle Container in Ihrem Unternehmen, auf denen die Tank\u00fcberwachung von Utodas aktiv ist. M\u00f6chten Sie, dass Ihre Kunden ebenfalls Einblick haben? Wir k\u00f6nnen einen oder mehrere Tanks f\u00fcr Ihre Kunden sichtbar machen. Hierf\u00fcr stellen wir ein Benutzerkonto mit den von Ihnen gew\u00fcnschten Tanks zur Verf\u00fcgung. Es fallen f\u00fcr Sie keine zus\u00e4tzlichen Kosten an.<\/p>\n<\/div><\/div><\/div><\/div><\/div><\/div><\/div><\/p>\n","protected":false},"excerpt":{"rendered":"","protected":false},"author":1,"featured_media":0,"parent":0,"menu_order":0,"comment_status":"closed","ping_status":"closed","template":"","meta":{"footnotes":""},"class_list":["post-1155","page","type-page","status-publish","hentry"],"yoast_head":"<!-- This site is optimized with the Yoast SEO plugin v27.3 - https:\/\/yoast.com\/product\/yoast-seo-wordpress\/ -->\n<title>Utodas - Online-F\u00fcllstandsmessung: nie zu fr\u00fch oder zu sp\u00e4t<\/title>\n<meta name=\"description\" content=\"Mit unseren F\u00fcllstandmessungen wissen Sie immer rechtzeitig, welche Container geleert werden m\u00fcssen.\" \/>\n<meta name=\"robots\" content=\"index, follow, max-snippet:-1, max-image-preview:large, max-video-preview:-1\" \/>\n<link rel=\"canonical\" href=\"https:\/\/utodas.nl\/de\/abfallmanagement\/\" \/>\n<meta property=\"og:locale\" content=\"de_DE\" \/>\n<meta property=\"og:type\" content=\"article\" \/>\n<meta property=\"og:title\" content=\"Utodas - Online-F\u00fcllstandsmessung: nie zu fr\u00fch oder zu sp\u00e4t\" \/>\n<meta property=\"og:description\" content=\"Mit unseren F\u00fcllstandmessungen wissen Sie immer rechtzeitig, welche Container geleert werden m\u00fcssen.\" \/>\n<meta property=\"og:url\" content=\"https:\/\/utodas.nl\/de\/abfallmanagement\/\" \/>\n<meta property=\"og:site_name\" content=\"Utodas\" \/>\n<meta property=\"article:modified_time\" content=\"2023-09-13T13:53:27+00:00\" \/>\n<meta name=\"twitter:card\" content=\"summary_large_image\" \/>\n<meta name=\"twitter:label1\" content=\"Gesch\u00e4tzte Lesezeit\" \/>\n\t<meta name=\"twitter:data1\" content=\"8\u00a0Minuten\" \/>\n<script type=\"application\/ld+json\" class=\"yoast-schema-graph\">{\"@context\":\"https:\\\/\\\/schema.org\",\"@graph\":[{\"@type\":\"WebPage\",\"@id\":\"https:\\\/\\\/utodas.nl\\\/de\\\/abfallmanagement\\\/\",\"url\":\"https:\\\/\\\/utodas.nl\\\/de\\\/abfallmanagement\\\/\",\"name\":\"Utodas - Online-F\u00fcllstandsmessung: nie zu fr\u00fch oder zu sp\u00e4t\",\"isPartOf\":{\"@id\":\"https:\\\/\\\/utodas.nl\\\/de\\\/#website\"},\"datePublished\":\"2021-07-07T09:15:10+00:00\",\"dateModified\":\"2023-09-13T13:53:27+00:00\",\"description\":\"Mit unseren F\u00fcllstandmessungen wissen Sie immer rechtzeitig, welche Container geleert werden m\u00fcssen.\",\"breadcrumb\":{\"@id\":\"https:\\\/\\\/utodas.nl\\\/de\\\/abfallmanagement\\\/#breadcrumb\"},\"inLanguage\":\"de\",\"potentialAction\":[{\"@type\":\"ReadAction\",\"target\":[\"https:\\\/\\\/utodas.nl\\\/de\\\/abfallmanagement\\\/\"]}]},{\"@type\":\"BreadcrumbList\",\"@id\":\"https:\\\/\\\/utodas.nl\\\/de\\\/abfallmanagement\\\/#breadcrumb\",\"itemListElement\":[{\"@type\":\"ListItem\",\"position\":1,\"name\":\"Home\",\"item\":\"https:\\\/\\\/utodas.nl\\\/de\\\/\"},{\"@type\":\"ListItem\",\"position\":2,\"name\":\"Abfallmanagement\"}]},{\"@type\":\"WebSite\",\"@id\":\"https:\\\/\\\/utodas.nl\\\/de\\\/#website\",\"url\":\"https:\\\/\\\/utodas.nl\\\/de\\\/\",\"name\":\"Utodas\",\"description\":\"\",\"publisher\":{\"@id\":\"https:\\\/\\\/utodas.nl\\\/de\\\/#organization\"},\"potentialAction\":[{\"@type\":\"SearchAction\",\"target\":{\"@type\":\"EntryPoint\",\"urlTemplate\":\"https:\\\/\\\/utodas.nl\\\/de\\\/?s={search_term_string}\"},\"query-input\":{\"@type\":\"PropertyValueSpecification\",\"valueRequired\":true,\"valueName\":\"search_term_string\"}}],\"inLanguage\":\"de\"},{\"@type\":\"Organization\",\"@id\":\"https:\\\/\\\/utodas.nl\\\/de\\\/#organization\",\"name\":\"Utodas B.V.\",\"url\":\"https:\\\/\\\/utodas.nl\\\/de\\\/\",\"logo\":{\"@type\":\"ImageObject\",\"inLanguage\":\"de\",\"@id\":\"https:\\\/\\\/utodas.nl\\\/de\\\/#\\\/schema\\\/logo\\\/image\\\/\",\"url\":\"https:\\\/\\\/utodas.nl\\\/wp-content\\\/uploads\\\/2021\\\/06\\\/LogoUtodas-200px.png\",\"contentUrl\":\"https:\\\/\\\/utodas.nl\\\/wp-content\\\/uploads\\\/2021\\\/06\\\/LogoUtodas-200px.png\",\"width\":200,\"height\":72,\"caption\":\"Utodas B.V.\"},\"image\":{\"@id\":\"https:\\\/\\\/utodas.nl\\\/de\\\/#\\\/schema\\\/logo\\\/image\\\/\"}}]}<\/script>\n<!-- \/ Yoast SEO plugin. -->","yoast_head_json":{"title":"Utodas - Online-F\u00fcllstandsmessung: nie zu fr\u00fch oder zu sp\u00e4t","description":"Mit unseren F\u00fcllstandmessungen wissen Sie immer rechtzeitig, welche Container geleert werden m\u00fcssen.","robots":{"index":"index","follow":"follow","max-snippet":"max-snippet:-1","max-image-preview":"max-image-preview:large","max-video-preview":"max-video-preview:-1"},"canonical":"https:\/\/utodas.nl\/de\/abfallmanagement\/","og_locale":"de_DE","og_type":"article","og_title":"Utodas - Online-F\u00fcllstandsmessung: nie zu fr\u00fch oder zu sp\u00e4t","og_description":"Mit unseren F\u00fcllstandmessungen wissen Sie immer rechtzeitig, welche Container geleert werden m\u00fcssen.","og_url":"https:\/\/utodas.nl\/de\/abfallmanagement\/","og_site_name":"Utodas","article_modified_time":"2023-09-13T13:53:27+00:00","twitter_card":"summary_large_image","twitter_misc":{"Gesch\u00e4tzte Lesezeit":"8\u00a0Minuten"},"schema":{"@context":"https:\/\/schema.org","@graph":[{"@type":"WebPage","@id":"https:\/\/utodas.nl\/de\/abfallmanagement\/","url":"https:\/\/utodas.nl\/de\/abfallmanagement\/","name":"Utodas - Online-F\u00fcllstandsmessung: nie zu fr\u00fch oder zu sp\u00e4t","isPartOf":{"@id":"https:\/\/utodas.nl\/de\/#website"},"datePublished":"2021-07-07T09:15:10+00:00","dateModified":"2023-09-13T13:53:27+00:00","description":"Mit unseren F\u00fcllstandmessungen wissen Sie immer rechtzeitig, welche Container geleert werden m\u00fcssen.","breadcrumb":{"@id":"https:\/\/utodas.nl\/de\/abfallmanagement\/#breadcrumb"},"inLanguage":"de","potentialAction":[{"@type":"ReadAction","target":["https:\/\/utodas.nl\/de\/abfallmanagement\/"]}]},{"@type":"BreadcrumbList","@id":"https:\/\/utodas.nl\/de\/abfallmanagement\/#breadcrumb","itemListElement":[{"@type":"ListItem","position":1,"name":"Home","item":"https:\/\/utodas.nl\/de\/"},{"@type":"ListItem","position":2,"name":"Abfallmanagement"}]},{"@type":"WebSite","@id":"https:\/\/utodas.nl\/de\/#website","url":"https:\/\/utodas.nl\/de\/","name":"Utodas","description":"","publisher":{"@id":"https:\/\/utodas.nl\/de\/#organization"},"potentialAction":[{"@type":"SearchAction","target":{"@type":"EntryPoint","urlTemplate":"https:\/\/utodas.nl\/de\/?s={search_term_string}"},"query-input":{"@type":"PropertyValueSpecification","valueRequired":true,"valueName":"search_term_string"}}],"inLanguage":"de"},{"@type":"Organization","@id":"https:\/\/utodas.nl\/de\/#organization","name":"Utodas B.V.","url":"https:\/\/utodas.nl\/de\/","logo":{"@type":"ImageObject","inLanguage":"de","@id":"https:\/\/utodas.nl\/de\/#\/schema\/logo\/image\/","url":"https:\/\/utodas.nl\/wp-content\/uploads\/2021\/06\/LogoUtodas-200px.png","contentUrl":"https:\/\/utodas.nl\/wp-content\/uploads\/2021\/06\/LogoUtodas-200px.png","width":200,"height":72,"caption":"Utodas B.V."},"image":{"@id":"https:\/\/utodas.nl\/de\/#\/schema\/logo\/image\/"}}]}},"_links":{"self":[{"href":"https:\/\/utodas.nl\/de\/wp-json\/wp\/v2\/pages\/1155","targetHints":{"allow":["GET"]}}],"collection":[{"href":"https:\/\/utodas.nl\/de\/wp-json\/wp\/v2\/pages"}],"about":[{"href":"https:\/\/utodas.nl\/de\/wp-json\/wp\/v2\/types\/page"}],"author":[{"embeddable":true,"href":"https:\/\/utodas.nl\/de\/wp-json\/wp\/v2\/users\/1"}],"replies":[{"embeddable":true,"href":"https:\/\/utodas.nl\/de\/wp-json\/wp\/v2\/comments?post=1155"}],"version-history":[{"count":17,"href":"https:\/\/utodas.nl\/de\/wp-json\/wp\/v2\/pages\/1155\/revisions"}],"predecessor-version":[{"id":1565,"href":"https:\/\/utodas.nl\/de\/wp-json\/wp\/v2\/pages\/1155\/revisions\/1565"}],"wp:attachment":[{"href":"https:\/\/utodas.nl\/de\/wp-json\/wp\/v2\/media?parent=1155"}],"curies":[{"name":"wp","href":"https:\/\/api.w.org\/{rel}","templated":true}]}}